{"id":4489,"date":"2023-07-24T08:57:56","date_gmt":"2023-07-24T06:57:56","guid":{"rendered":"https:\/\/e-okulistyka.pl\/?page_id=4489"},"modified":"2023-07-24T08:57:56","modified_gmt":"2023-07-24T06:57:56","slug":"pracownia-usg","status":"publish","type":"page","link":"https:\/\/testtest.dfirma.pl\/index.php\/pracownia-usg\/","title":{"rendered":"Pracownia USG"},"content":{"rendered":"<p>[vc_row][vc_column][vc_empty_space][vc_custom_heading text=&#8221;Opis badania USG&#8221; use_theme_fonts=&#8221;yes&#8221; rs_decor_place=&#8221;2&#8243;][\/vc_custom_heading][vc_column_text]Ultrasonografia (Badanie USG) to nieinwazyjna metoda badania diagnostycznego pozwalaj\u0105ca na uzyskanie obraz\u00f3w przekroj\u00f3w cia\u0142a ludzkiego w oparciu o zjawisko rozchodzenia si\u0119 i odbicia fali ultrad\u017awi\u0119kowej. Badanie jest bezpieczne dla Pacjenta, bez stwierdzanych efekt\u00f3w ubocznych, szybkie w wykonaniu i nie uci\u0105\u017cliwe dla Pacjenta.<\/p>\n<p>Badanie USG jest obecnie jednym z podstawowych narz\u0119dzi diagnostycznych w praktyce ambulatoryjnej. Pozwala na ocen\u0119 narz\u0105d\u00f3w wewn\u0119trznych jamy brzusznej i miednicy ma\u0142ej na potrzeby interny, chirurgii, ginekologii i po\u0142o\u017cnictwa, staw\u00f3w, mi\u0119\u015bni i \u015bci\u0119gien w ortopedii, gruczo\u0142\u00f3w i tkanek mi\u0119kkich szyi w szczeg\u00f3lno\u015bci tarczycy czy \u015blinianek. Zlecenie na badanie USG wystawia lekarz podczas wizyty w Poradni Lekarza Rodzinnego w Bychawie lub w Lublinie. Istnieje r\u00f3wnie\u017c mo\u017cliwo\u015b\u0107 wykonania badania prywatnie.<br \/>\n[\/vc_column_text][vc_empty_space][\/vc_column][\/vc_row][vc_row][vc_column][vc_column_text rsclass=&#8221;clean&#8221;][\/vc_column_text][vc_custom_heading text=&#8221;Przebieg badania USG&#8221; use_theme_fonts=&#8221;yes&#8221; rs_decor_place=&#8221;2&#8243;][\/vc_custom_heading][vc_column_text]Do wykonania badania nale\u017cy ods\u0142oni\u0107 odpowiedni fragment cia\u0142a. Lekarz przed przy\u0142o\u017ceniem g\u0142owicy posmaruje go \u017celem u\u0142atwiaj\u0105cym przewodzenie. Nast\u0119pnie przesuwa g\u0142owic\u0105 pod r\u00f3\u017cnymi k\u0105tami do badanego miejsca. Obraz jest pokazywany i nagrywany na specjalnym monitorze a nast\u0119pnie lekarz ogl\u0105da i ocenia wynik badania.[\/vc_column_text][vc_empty_space height=&#8221;64px&#8221;][\/vc_column][\/vc_row][vc_row][vc_column width=&#8221;2\/3&#8243;][vc_custom_heading text=&#8221;USG jamy brzusznej&#8221; use_theme_fonts=&#8221;yes&#8221; rs_decor_place=&#8221;2&#8243;][\/vc_custom_heading][vc_column_text]Ocenie i opisowi podlegaj\u0105 narz\u0105dy jamy brzusznej takie jak w\u0105troba, drogi \u017c\u00f3\u0142ciowe, p\u0119cherzyk \u017c\u00f3\u0142ciowy, trzustka, \u015bledziona nerki, p\u0119cherz moczowy. Oceniane s\u0105 tak\u017ce du\u017ce naczynia jamy brzusznej, stwierdzi\u0107 mo\u017cna r\u00f3wnie\u017c, czy obecne s\u0105 powi\u0119kszone w\u0119z\u0142y ch\u0142onne i wolny p\u0142yn. Do rutynowego badania wymagane jest odpowiednie przygotowanie: Pacjent pozostaje bez posi\u0142ku co najmniej 6 godzin, a osoby z tendencj\u0105 do wzd\u0119\u0107 proszone s\u0105 o za\u017cywanie na kilka dni przed badaniem \u015brodk\u00f3w przeciwwzd\u0119ciowych.[\/vc_column_text][\/vc_column][vc_column width=&#8221;1\/3&#8243;][vc_empty_space height=&#8221;60px&#8221;][vc_single_image image=&#8221;4497&#8243; img_size=&#8221;full&#8221;][\/vc_single_image][\/vc_column][\/vc_row][vc_row][vc_column][vc_empty_space][vc_custom_heading text=&#8221;Przygotowanie do badania USG jamy brzusznej&#8221; use_theme_fonts=&#8221;yes&#8221; rs_decor_place=&#8221;2&#8243;][\/vc_custom_heading][vc_column_text]<strong>Dzie\u0144 przed badaniem<\/strong><br \/>\n\u2022 Stosuj diet\u0119 lekkostrawn\u0105, z wy\u0142\u0105czeniem surowych jarzyn, owoc\u00f3w i ciemnego pieczywa.<br \/>\n\u2022 Dodatkowo mo\u017cesz przyj\u0105\u0107 lek, kt\u00f3ry ma na celu usuni\u0119cie powietrza z przewodu pokarmowego, poniewa\u017c jest ono przeszkod\u0105 dla ultrad\u017awi\u0119k\u00f3w, np. Espumisan, Esputicon lub podobne, 3 x dziennie 2 kapsu\u0142ki. Mo\u017cna go kupi\u0107 w aptece bez recepty. Jest on szczeg\u00f3lnie wskazany na 3 dni przed badaniem u Pacjent\u00f3w z tendencj\u0105 do zapar\u0107 i wzd\u0119\u0107 brzucha.<\/p>\n<p><strong>Je\u017celi badanie odbywa si\u0119 do godz. 12:00<\/strong><br \/>\n\u2022 Zg\u0142o\u015b si\u0119 na badanie na czczo.<br \/>\n\u2022 Ostatni posi\u0142ek w dniu poprzedzaj\u0105cym badanie spo\u017cyj do godziny 18.<\/p>\n<p><strong>Je\u017celi badanie odbywa si\u0119 po godz. 12:00<\/strong><br \/>\nCo na co najmniej 6 godzin przed badaniem:<br \/>\n\u2022 Nie przyjmuj pokarm\u00f3w.<br \/>\n\u2022 Nie pij innych p\u0142yn\u00f3w poza nies\u0142odzon\u0105 wod\u0105 niegazowan\u0105. W szczeg\u00f3lno\u015bci nie pij kawy i mocnej herbaty.<br \/>\n\u2022 Nie pal tytoniu.<br \/>\n\u2022 Nie \u017cuj gumy.<br \/>\n\u2022 Dodatkowo, mo\u017cesz przyj\u0105\u0107 np. Espumisan, Esputicon lub podobne, 3 x 2 kapsu\u0142ki w ci\u0105gu dnia.<\/p>\n<p>[\/vc_column_text][vc_empty_space height=&#8221;64px&#8221;][\/vc_column][\/vc_row][vc_row][vc_column width=&#8221;2\/3&#8243;][vc_custom_heading text=&#8221;USG tarczycy&#8221; use_theme_fonts=&#8221;yes&#8221; rs_decor_place=&#8221;2&#8243;][\/vc_custom_heading][vc_column_text]Badanie USG tarczycy, kt\u00f3re zwykle zleca si\u0119 w przypadku podejrzenia schorze\u0144 tarczycy, stanowi uzupe\u0142nienie diagnostyki w momencie wykrycia nieprawid\u0142owo\u015bci w badaniach laboratoryjnych. Wykonuje si\u0119 je r\u00f3wnie\u017c wtedy, gdy cz\u0142onkowie rodziny Pacjenta choruj\u0105 na schorzenia tarczycy i istnieje u niego podejrzenie obecno\u015bci patologii.<\/p>\n<p>Inne wskazania do przeprowadzenia tego badania to:<br \/>\n\u2022 widoczne wole lub powi\u0119kszenie tarczycy stwierdzone podczas badania palpacyjnego,<br \/>\n\u2022 duszno\u015bci niewywo\u0142ane schorzeniami dr\u00f3g oddechowych,<br \/>\n\u2022 problemy z prze\u0142ykaniem bez jednoznacznej przyczyny ich powstania,<br \/>\n\u2022 objawy nadczynno\u015bci tarczycy, np. spadek masy cia\u0142a, rozdra\u017cnienie, dr\u017cenie r\u0105k, ko\u0142atanie serca, nadmierna potliwo\u015b\u0107,<br \/>\n\u2022 objawy niedoczynno\u015bci tarczycy, np. przyrost masy cia\u0142a, problemy z koncentracj\u0105, blado\u015b\u0107 i sucho\u015b\u0107 pow\u0142ok sk\u00f3rnych, spadek potliwo\u015bci,<br \/>\n\u2022 kontrola rozwoju stan\u00f3w zapalnych tarczycy b\u0105d\u017a zmian ogniskowych, stwierdzonych w poprzednim badaniu obrazowym,<br \/>\n\u2022 diagnostyka chor\u00f3b Graves\u2019a Basedova lub Hashimoto,<br \/>\n\u2022 podejrzenie nowotworu tarczycy.<\/p>\n<p>[\/vc_column_text][vc_empty_space][\/vc_column][vc_column width=&#8221;1\/3&#8243;][vc_empty_space height=&#8221;60px&#8221;][vc_single_image image=&#8221;4499&#8243; img_size=&#8221;full&#8221;][\/vc_single_image][\/vc_column][\/vc_row][vc_row][vc_column][vc_custom_heading text=&#8221;Przebieg badania USG tarczycy&#8221; use_theme_fonts=&#8221;yes&#8221; rs_decor_place=&#8221;2&#8243;][\/vc_custom_heading][vc_column_text]USG tarczycy nie wymaga specjalnego przygotowania. Pacjent musi jedynie ods\u0142oni\u0107 szyj\u0119 i zdj\u0105\u0107 z niej bi\u017cuteri\u0119. Badanie USG tarczycy jest nieinwazyjne i bezbolesne. Pacjent mo\u017ce odczuwa\u0107 niewielki dyskomfort, je\u015bli ma k\u0142opot z prze\u0142ykaniem lub powi\u0119kszone wole. Lekarz rozpoczyna badanie od na\u0142o\u017cenia \u017celu na g\u0142owic\u0119 USG. Nast\u0119pnie dociska g\u0142owic\u0119 aparatu do badanego obszaru cia\u0142a. Po wykonaniu serii zdj\u0119\u0107 i dok\u0142adnym pomiarze oraz obejrzeniu narz\u0105du przyst\u0119puje do opisywania konkretnych uj\u0119\u0107 i kondycji organu. Wyniki badania s\u0105 zatem dost\u0119pne od razu, a czas jego trwania zazwyczaj nie przekracza 10 minut.[\/vc_column_text][vc_empty_space][\/vc_column][\/vc_row][vc_row][vc_column][vc_custom_heading text=&#8221;Wymagane jest skierowanie na badanie USG&#8221; use_theme_fonts=&#8221;yes&#8221; rs_decor_place=&#8221;2&#8243;][\/vc_custom_heading][vc_column_text]Bezp\u0142atnie realizowane s\u0105 badania zlecone przez lekarzy OKULISTYKA S.C., po uprzedniej rejestracji telefonicznej lub osobistej w Rejestracji Przychodni Lekarza Rodzinnego w Bychawie &#8211; ul. Pi\u0142sudskiego 63, tel. 81 478 73 93 oraz w Lublinie &#8211; ul. A. Mickiewicza 28, tel. 81 478 73 83.<br \/>\nIstnieje mo\u017cliwo\u015b\u0107 wykonania odp\u0142atnych bada\u0144 USG.<\/p>\n<ul>\n<li>USG jamy brzusznej &#8211; 150 z\u0142<\/li>\n<li>USG tarczycy &#8211; 150 z\u0142<\/li>\n<\/ul>\n<p>[\/vc_column_text][vc_empty_space][vc_row_inner][vc_column_inner width=&#8221;1\/2&#8243;][vc_column_text]<\/p>\n<ul class=\"icn-list-lg\">\n<li>[medin_icon icon=&#8221;icon-placeholder-for-map-1&#8243;]ul. Pi\u0142sudskiego 63, 23-100 Bychawa<\/li>\n<li>[medin_icon icon=&#8221;icon-telephone-1&#8243;]Telefon: <span class=\"theme-color\"><span class=\"text-nowrap\">81-478-73-93<\/span><\/span><\/li>\n<li>[medin_icon icon=&#8221;icon-black-envelope&#8221;]<a href=\"mailto:pozbychawa@e-okulistyka.pl\">pozbychawa@e-okulistyka.pl<\/a><\/li>\n<\/ul>\n<p>[\/vc_column_text][\/vc_column_inner][vc_column_inner width=&#8221;1\/2&#8243;][vc_column_text]<\/p>\n<ul class=\"icn-list-lg\">\n<li>[medin_icon icon=&#8221;icon-placeholder-for-map-1&#8243;]ul. Mickiewicza 28, 20-443 Lublin<\/li>\n<li>[medin_icon icon=&#8221;icon-telephone-1&#8243;]Telefon: <span class=\"theme-color\"><span class=\"text-nowrap\">81-478-73-83<\/span><\/span><\/li>\n<li>[medin_icon icon=&#8221;icon-black-envelope&#8221;]<a href=\"mailto:pozmickiewicza@e-okulistyka.pl\">pozmickiewicza@e-okulistyka.pl<\/a><\/li>\n<\/ul>\n<p>[\/vc_column_text][\/vc_column_inner][\/vc_row_inner][\/vc_column][\/vc_row]<\/p>\n","protected":false},"excerpt":{"rendered":"<p>[vc_row][vc_column][vc_empty_space][vc_custom_heading text=&#8221;Opis badania USG&#8221; use_theme_fonts=&#8221;yes&#8221; rs_decor_place=&#8221;2&#8243;][\/vc_custom_heading][vc_column_text]Ultrasonografia (Badanie USG) to nieinwazyjna metoda badania diagnostycznego pozwalaj\u0105ca na uzyskanie obraz\u00f3w przekroj\u00f3w cia\u0142a ludzkiego w oparciu o zjawisko rozchodzenia si\u0119 i odbicia fali ultrad\u017awi\u0119kowej. Badanie jest bezpieczne dla Pacjenta, bez stwierdzanych efekt\u00f3w ubocznych, szybkie w wykonaniu i nie uci\u0105\u017cliwe dla Pacjenta. Badanie USG jest obecnie jednym z podstawowych narz\u0119dzi [&hellip;]<\/p>\n","protected":false},"author":2,"featured_media":0,"parent":0,"menu_order":0,"comment_status":"closed","ping_status":"closed","template":"custompagett.php","meta":{"footnotes":""},"class_list":["post-4489","page","type-page","status-publish","hentry"],"_links":{"self":[{"href":"https:\/\/testtest.dfirma.pl\/index.php\/wp-json\/wp\/v2\/pages\/4489","targetHints":{"allow":["GET"]}}],"collection":[{"href":"https:\/\/testtest.dfirma.pl\/index.php\/wp-json\/wp\/v2\/pages"}],"about":[{"href":"https:\/\/testtest.dfirma.pl\/index.php\/wp-json\/wp\/v2\/types\/page"}],"author":[{"embeddable":true,"href":"https:\/\/testtest.dfirma.pl\/index.php\/wp-json\/wp\/v2\/users\/2"}],"replies":[{"embeddable":true,"href":"https:\/\/testtest.dfirma.pl\/index.php\/wp-json\/wp\/v2\/comments?post=4489"}],"version-history":[{"count":0,"href":"https:\/\/testtest.dfirma.pl\/index.php\/wp-json\/wp\/v2\/pages\/4489\/revisions"}],"wp:attachment":[{"href":"https:\/\/testtest.dfirma.pl\/index.php\/wp-json\/wp\/v2\/media?parent=4489"}],"curies":[{"name":"wp","href":"https:\/\/api.w.org\/{rel}","templated":true}]}}