{"id":3217,"date":"2021-10-08T14:04:07","date_gmt":"2021-10-08T12:04:07","guid":{"rendered":"https:\/\/e-okulistyka.pl\/?page_id=3217"},"modified":"2021-10-08T14:04:07","modified_gmt":"2021-10-08T12:04:07","slug":"kontakt-plus","status":"publish","type":"page","link":"https:\/\/testtest.dfirma.pl\/index.php\/kontakt-plus\/","title":{"rendered":"Kontakt+"},"content":{"rendered":"<p>[vc_row][vc_column][vc_empty_space][vc_column_text]Niekiedy linie telefoniczne s\u0105 zaj\u0119te dlatego wychodz\u0105c naprzeciw Pa\u0144stwa oczekiwaniom uruchomili\u015bmy prosty spos\u00f3b kontaktu online. Prosimy o wype\u0142nienie kr\u00f3tkiego formularza: wskazanie dogodnej dla Pa\u0144stwa lokalizacji oraz specjalizacji. Zadzwonimy najszybciej jak to b\u0119dzie mo\u017cliwe. Prosimy oczekiwa\u0107 telefonu tego samego dnia lub kolejnego, je\u015bli Pa\u0144stwa zg\u0142oszenie nast\u0105pi\u0142o po godzinach pracy plac\u00f3wki medycznej. Szybko\u015b\u0107 reakcji zale\u017cy od ilo\u015bci zg\u0142osze\u0144.<\/p>\n<p>[\/vc_column_text][vc_empty_space height=&#8221;60px&#8221;][vc_separator color=&#8221;sky&#8221; style=&#8221;shadow&#8221;][vc_empty_space height=&#8221;60px&#8221;][\/vc_column][\/vc_row][vc_row][vc_column][contact-form-7 id=&#8221;3259&#8243;][vc_empty_space height=&#8221;60px&#8221;][\/vc_column][\/vc_row]<\/p>\n","protected":false},"excerpt":{"rendered":"<p>[vc_row][vc_column][vc_empty_space][vc_column_text]Niekiedy linie telefoniczne s\u0105 zaj\u0119te dlatego wychodz\u0105c naprzeciw Pa\u0144stwa oczekiwaniom uruchomili\u015bmy prosty spos\u00f3b kontaktu online. Prosimy o wype\u0142nienie kr\u00f3tkiego formularza: wskazanie dogodnej dla Pa\u0144stwa lokalizacji oraz specjalizacji. Zadzwonimy najszybciej jak to b\u0119dzie mo\u017cliwe. Prosimy oczekiwa\u0107 telefonu tego samego dnia lub kolejnego, je\u015bli Pa\u0144stwa zg\u0142oszenie nast\u0105pi\u0142o po godzinach pracy plac\u00f3wki medycznej. Szybko\u015b\u0107 reakcji zale\u017cy od ilo\u015bci [&hellip;]<\/p>\n","protected":false},"author":2,"featured_media":3243,"parent":0,"menu_order":0,"comment_status":"closed","ping_status":"closed","template":"custompagett.php","meta":{"footnotes":""},"class_list":["post-3217","page","type-page","status-publish","has-post-thumbnail","hentry"],"_links":{"self":[{"href":"https:\/\/testtest.dfirma.pl\/index.php\/wp-json\/wp\/v2\/pages\/3217","targetHints":{"allow":["GET"]}}],"collection":[{"href":"https:\/\/testtest.dfirma.pl\/index.php\/wp-json\/wp\/v2\/pages"}],"about":[{"href":"https:\/\/testtest.dfirma.pl\/index.php\/wp-json\/wp\/v2\/types\/page"}],"author":[{"embeddable":true,"href":"https:\/\/testtest.dfirma.pl\/index.php\/wp-json\/wp\/v2\/users\/2"}],"replies":[{"embeddable":true,"href":"https:\/\/testtest.dfirma.pl\/index.php\/wp-json\/wp\/v2\/comments?post=3217"}],"version-history":[{"count":0,"href":"https:\/\/testtest.dfirma.pl\/index.php\/wp-json\/wp\/v2\/pages\/3217\/revisions"}],"wp:featuredmedia":[{"embeddable":true,"href":"https:\/\/testtest.dfirma.pl\/index.php\/wp-json\/wp\/v2\/media\/3243"}],"wp:attachment":[{"href":"https:\/\/testtest.dfirma.pl\/index.php\/wp-json\/wp\/v2\/media?parent=3217"}],"curies":[{"name":"wp","href":"https:\/\/api.w.org\/{rel}","templated":true}]}}