{"id":3088,"date":"2021-08-23T11:37:51","date_gmt":"2021-08-23T09:37:51","guid":{"rendered":"https:\/\/e-okulistyka.pl\/?page_id=3088"},"modified":"2021-08-23T11:37:51","modified_gmt":"2021-08-23T09:37:51","slug":"twoja-pomoc-medyczna-w-niedziele-i-swieta","status":"publish","type":"page","link":"https:\/\/testtest.dfirma.pl\/index.php\/twoja-pomoc-medyczna-w-niedziele-i-swieta\/","title":{"rendered":"Twoja pomoc medyczna w niedziele i \u015bwi\u0119ta"},"content":{"rendered":"<p>[vc_row][vc_column][vc_empty_space][vc_column_text]<\/p>\n<h3 style=\"text-align: justify;\"><strong>Teleplatforma Pierwszego Kontaktu (TPK)<\/strong><\/h3>\n<p style=\"text-align: justify;\"><strong>Narodowy Funduszu Zdrowia uruchomi\u0142 Teleplatform\u0119 Pierwszego Kontaktu (TPK). Pacjenci, kt\u00f3rzy zadzwoni\u0105 pod bezp\u0142atny numer TPK \u2013 800 137 200 \u2013 otrzymaj\u0105 niezb\u0119dn\u0105 pomoc medyczn\u0105 poza godzinami pracy lekarzy rodzinnych, w weekendy oraz \u015bwi\u0119ta. Z platformy mog\u0105 korzysta\u0107 r\u00f3wnie\u017c osoby nies\u0142ysz\u0105ce. Porady udzielane s\u0105 w kilku j\u0119zykach.<\/strong><\/p>\n<p>[\/vc_column_text][vc_empty_space][vc_column_text]<\/p>\n<p style=\"text-align: justify;\">Ka\u017cdy z nas potrzebowa\u0142 pomocy lekarskiej w nocy lub w dni wolne od pracy, gdy przychodnie podstawowej opieki zdrowotnej s\u0105 nieczynne. Teraz otrzymanie takiej pomocy jest \u0142atwiejsze ni\u017c dotychczas, dodatkowo bez wychodzenia z domu.<\/p>\n<p style=\"text-align: justify;\">Udost\u0119pniona przez Narodowy Fundusz Zdrowia platforma jest miejscem pierwszego kontaktu dla Pacjenta, w sytuacji nag\u0142ego zachorowania lub konieczno\u015bci wystawienia np. e-recepty, gdy poradnie POZ ju\u017c zako\u0144czy\u0142y prac\u0119 oraz w weekendy i \u015bwi\u0119ta. Porad medycznych udzielaj\u0105 profesjonalni medycy \u2013 piel\u0119gniarki lub po\u0142o\u017cne oraz lekarze. Aby uzyska\u0107 pomoc wystarczy mie\u0107 telefon i po\u0142\u0105czy\u0107 si\u0119 z bezp\u0142atnym numerem TPK.<\/p>\n<p>[\/vc_column_text][\/vc_column][\/vc_row][vc_row][vc_column][vc_empty_space][vc_column_text]<\/p>\n<h3>Zadzwo\u0144, je\u015bli potrzebujesz nag\u0142ej pomocy medycznej, konsultacji, e-recepty lub e-skierowania<\/h3>\n<p style=\"text-align: justify;\">TPK dzia\u0142a na podobnych zasadach do nocnej i \u015bwi\u0105tecznej opieki zdrowotnej, z t\u0105 r\u00f3\u017cnic\u0105, \u017ce konsultacje udzielane s\u0105 przez telefon. Je\u015bli poradnia lekarza rodzinnego jest ju\u017c zamkni\u0119ta, a stan zdrowia budzi Tw\u00f3j niepok\u00f3j, wtedy mo\u017cesz skorzysta\u0107 ze zdalnej porady z piel\u0119gniark\u0105 lub po\u0142o\u017cn\u0105, b\u0105d\u017a z lekarzem.<br \/>\nPodczas po\u0142\u0105czenia, w razie potrzeby, personel medyczny mo\u017ce wystawi\u0107 e-recept\u0119, e-skierowanie lub e-zwolnienie. Wszystko cyfrowo i wygodnie.<br \/>\nJe\u015bli konsultacja telefoniczna oka\u017ce si\u0119 niewystarczaj\u0105ca, wtedy personel medyczny zaleci:<\/p>\n<ul>\n<li>wizyt\u0119 w najbli\u017cszej stacjonarnej plac\u00f3wce nocnej i \u015bwi\u0105tecznej opieki zdrowotnej (Ni\u015aOZ)<\/li>\n<li>kontakt ze swoim lekarzem POZ (w godzinach pracy POZ: 8.00 &#8211; 18.00, od poniedzia\u0142ku do pi\u0105tku)<\/li>\n<li>a w przypadku stwierdzenia stanu nag\u0142ego zagro\u017cenia zdrowia i \u017cycia, wezwanie zespo\u0142u ratownictwa medycznego.<\/li>\n<\/ul>\n<p>[\/vc_column_text][vc_row_inner][vc_column_inner][vc_empty_space][cq_vc_stackgallery images=&#8221;3100,3099&#8243; background=&#8221;#26a7eb&#8221; width=&#8221;976&#8243; height=&#8221;688&#8243; notooltip=&#8221;on&#8221;][vc_empty_space][\/vc_column_inner][\/vc_row_inner][\/vc_column][\/vc_row][vc_row][vc_column][vc_empty_space][vc_column_text]<\/p>\n<h3 style=\"text-align: justify;\">Jak wygl\u0105da rozmowa? <span style=\"color: #ffffff;\">\/ Lekarz rodzinny Lublin<\/span><\/h3>\n<p style=\"text-align: justify;\">Po po\u0142\u0105czeniu, Pacjent wys\u0142ucha kr\u00f3tki komunikat, informuj\u0105cy o dodzwonieniu si\u0119 na Teleplatform\u0119 Pierwszego Kontaktu. Po ods\u0142uchaniu komunikatu, Pacjent b\u0119dzie m\u00f3g\u0142 wybra\u0107 j\u0119zyk, w kt\u00f3rym b\u0119dzie udzielana konsultacja.<\/p>\n<p style=\"text-align: justify;\">W pierwszej kolejno\u015bci z Pacjentem po\u0142\u0105czy si\u0119 piel\u0119gniarka lub po\u0142o\u017cna. Po sprawdzeniu danych Pacjenta pod k\u0105tem uprawnie\u0144 do \u015bwiadcze\u0144 opieki zdrowotnej i zarejestrowaniu zg\u0142oszenia, piel\u0119gniarka lub po\u0142o\u017cna przeprowadzi wywiad niezb\u0119dny do oceny stanu zdrowia Pacjenta. Podczas po\u0142\u0105czenia Pacjent mo\u017ce liczy\u0107 na profesjonaln\u0105 konsultacj\u0119, w czasie kt\u00f3rej piel\u0119gniarka lub po\u0142o\u017cna mo\u017ce wystawi\u0107 e-recept\u0119 oraz udzieli\u0107 porad do dalszego sposobu post\u0119powania. W stanach nag\u0142ych, kt\u00f3re zagra\u017caj\u0105 \u017cyciu i zdrowiu, zaleci wezwanie zespo\u0142u ratownictwa medycznego.<\/p>\n<p style=\"text-align: justify;\">Je\u015bli piel\u0119gniarka lub po\u0142o\u017cna uzna, \u017ce Pacjent potrzebuje dodatkowej konsultacji, w\u00f3wczas przekieruje Pacjenta do lekarza, podczas tego samego po\u0142\u0105czenia.<\/p>\n<p style=\"text-align: justify;\">Konsultacja lekarska rozpoczyna si\u0119 od uzupe\u0142nienia wywiadu przeprowadzonego przez piel\u0119gniark\u0119 lub po\u0142o\u017cn\u0105. W czasie rozmowy z lekarzem, po ocenie stanu zdrowia, Pacjent mo\u017ce otrzyma\u0107 e-recept\u0119, e-skierowanie lub e-zwolnienie. Gdy b\u0119dzie potrzebna pilnej interwencji medycznej, lekarz zaleci wezwanie do Pacjenta zespo\u0142u ratownictwa medycznego. Mo\u017ce tak\u017ce skierowa\u0107 Pacjenta do najbli\u017cszej stacjonarnej plac\u00f3wki nocnej i \u015bwi\u0105tecznej opieki zdrowotnej, je\u015bli Pacjent b\u0119dzie wymaga\u0142 osobistego kontaktu z lekarzem.<\/p>\n<p>[\/vc_column_text][\/vc_column][\/vc_row][vc_row][vc_column][vc_empty_space][vc_column_text]<\/p>\n<h3 style=\"text-align: justify;\">Platforma jest dost\u0119pna dla os\u00f3b nies\u0142ysz\u0105cych <span style=\"color: #ffffff;\">\/ Lekarz rodzinny Lublin<\/span><\/h3>\n<p style=\"text-align: justify;\">Ze zdalnej konsultacji z piel\u0119gniark\u0105, po\u0142o\u017cn\u0105 lub lekarzem mog\u0105 korzysta\u0107 tak\u017ce Pacjenci nies\u0142ysz\u0105cy. Specjalnie z my\u015bl\u0105 o nich, teleplatforma oferuje udzielanie porad przez specjalny <a href=\"https:\/\/www.nfz.gov.pl\/kontakt\/teleplatforma-pierwszego-kontaktu\/tpk-wideorozmowa-z-tlumaczem-jezyka-migowego\/\" target=\"_blank\" rel=\"noopener\">wideoczat<\/a>. Komunikacja odbywa si\u0119 w j\u0119zyku migowym, przy wsparciu t\u0142umacza Polskiego J\u0119zyka Migowego.<\/p>\n<p style=\"text-align: justify;\"><strong>Dowiedz si\u0119 wi\u0119cej i w razie nag\u0142ego zachorowania w nocy, weekendy lub \u015bwi\u0119to, wybierz Teleplatform\u0119 Pierwszego Kontaktu.<\/strong><\/p>\n<p style=\"text-align: justify;\"><strong>Zadzwo\u0144 pod bezp\u0142atny numer 800 137 200.<\/strong><\/p>\n<p>Zobacz stron\u0119 www Poradni POZ &gt; <a href=\"http:\/\/lekarzerodzinni.e-okulistyka.pl\/\">kliknij tutaj.<\/a><br \/>\n[\/vc_column_text][\/vc_column][\/vc_row][vc_row][vc_column][vc_empty_space][vc_column_text]<em>Ma\u0142gorzata Bartoszek<br \/>\nRzecznik Prasowy<br \/>\nPe\u0142nomocnik ds. Kontakt\u00f3w Zewn\u0119trznych<br \/>\nLubelskiego OW NFZ<\/em>[\/vc_column_text][\/vc_column][\/vc_row]<\/p>\n","protected":false},"excerpt":{"rendered":"<p>[vc_row][vc_column][vc_empty_space][vc_column_text] Teleplatforma Pierwszego Kontaktu (TPK) Narodowy Funduszu Zdrowia uruchomi\u0142 Teleplatform\u0119 Pierwszego Kontaktu (TPK). Pacjenci, kt\u00f3rzy zadzwoni\u0105 pod bezp\u0142atny numer TPK \u2013 800 137 200 \u2013 otrzymaj\u0105 niezb\u0119dn\u0105 pomoc medyczn\u0105 poza godzinami pracy lekarzy rodzinnych, w weekendy oraz \u015bwi\u0119ta. Z platformy mog\u0105 korzysta\u0107 r\u00f3wnie\u017c osoby nies\u0142ysz\u0105ce. Porady udzielane s\u0105 w kilku j\u0119zykach. [\/vc_column_text][vc_empty_space][vc_column_text] Ka\u017cdy z nas [&hellip;]<\/p>\n","protected":false},"author":2,"featured_media":3681,"parent":0,"menu_order":0,"comment_status":"closed","ping_status":"closed","template":"","meta":{"footnotes":""},"class_list":["post-3088","page","type-page","status-publish","has-post-thumbnail","hentry"],"_links":{"self":[{"href":"https:\/\/testtest.dfirma.pl\/index.php\/wp-json\/wp\/v2\/pages\/3088","targetHints":{"allow":["GET"]}}],"collection":[{"href":"https:\/\/testtest.dfirma.pl\/index.php\/wp-json\/wp\/v2\/pages"}],"about":[{"href":"https:\/\/testtest.dfirma.pl\/index.php\/wp-json\/wp\/v2\/types\/page"}],"author":[{"embeddable":true,"href":"https:\/\/testtest.dfirma.pl\/index.php\/wp-json\/wp\/v2\/users\/2"}],"replies":[{"embeddable":true,"href":"https:\/\/testtest.dfirma.pl\/index.php\/wp-json\/wp\/v2\/comments?post=3088"}],"version-history":[{"count":0,"href":"https:\/\/testtest.dfirma.pl\/index.php\/wp-json\/wp\/v2\/pages\/3088\/revisions"}],"wp:featuredmedia":[{"embeddable":true,"href":"https:\/\/testtest.dfirma.pl\/index.php\/wp-json\/wp\/v2\/media\/3681"}],"wp:attachment":[{"href":"https:\/\/testtest.dfirma.pl\/index.php\/wp-json\/wp\/v2\/media?parent=3088"}],"curies":[{"name":"wp","href":"https:\/\/api.w.org\/{rel}","templated":true}]}}