{"id":2902,"date":"2021-06-14T13:00:58","date_gmt":"2021-06-14T11:00:58","guid":{"rendered":"https:\/\/e-okulistyka.pl\/?page_id=2902"},"modified":"2021-06-14T13:00:58","modified_gmt":"2021-06-14T11:00:58","slug":"chirurg-naczyniowy-bychawa-wizyty-i-zabiegi-chirurgiczne","status":"publish","type":"page","link":"https:\/\/testtest.dfirma.pl\/index.php\/chirurg-naczyniowy-bychawa-wizyty-i-zabiegi-chirurgiczne\/","title":{"rendered":"Chirurg naczyniowy Bychawa &#8211; wizyty i zabiegi chirurgiczne"},"content":{"rendered":"<p>[vc_row][vc_column][vc_separator color=&#8221;blue&#8221; style=&#8221;shadow&#8221;][vc_empty_space height=&#8221;96px&#8221;][vc_custom_heading text=&#8221;Wizyta w Poradni Chirurga Naczyniowego&#8221; font_container=&#8221;tag:h3|text_align:center&#8221; use_theme_fonts=&#8221;yes&#8221; rs_decor_place=&#8221;2&#8243;][\/vc_custom_heading][cq_vc_accordion accordionstyle=&#8221;style2&#8243; contentcolor=&#8221;#333333&#8243; titlebg=&#8221;#ffffff&#8221; titlehovercolor=&#8221;#ffffff&#8221; titlehoverbg=&#8221;#00aced&#8221; extraborder=&#8221;yes&#8221; extrabordercolor=&#8221;#81d742&#8243; displayfirst=&#8221;on&#8221;][cq_vc_accordion_item accordiontitle=&#8221;Informacje&#8221;]Wizyty odbywaj\u0105 si\u0119 w pi\u0105tki, raz w miesi\u0105cu, w Poradni Chirurgii Naczyniowej w Bychawie na ul. Pi\u0142sudskiego 63 &#8211; budynek OKULISTYKA S.C. Pacjent mo\u017ce zarejestrowa\u0107 si\u0119 na wizyt\u0119 prywatn\u0105 osobi\u015bcie lub telefonicznie pod nr. tel. 81 478 73 93 lub 81 566 27 97.<br \/>\nW przypadku braku mo\u017cliwo\u015bci pojawienia si\u0119 na wizycie prosimy o kontakt z rejestracj\u0105.<\/p>\n<p>Podczas wizyty lekarz mo\u017ce wykona\u0107 USG (Doppler) \u017cy\u0142 ko\u0144czyn dolnych lub t\u0119tnic szyjnych wraz z opisem. Dodatkowo w razie konieczno\u015bci dalszego leczenia, lekarz mo\u017ce skierowa\u0107 Pacjenta na zabieg operacyjny na Oddzia\u0142 Leczenia Jednego Dnia w Bychawie. Wizyty i zabiegi przeprowadza dr. Marek Chrapko.<\/p>\n<p>Oferujemy zabiegi:<\/p>\n<ul>\n<li>laserowe zamykanie paj\u0105czk\u00f3w<\/li>\n<li>dost\u0119p naczyniowy do hemodializy<\/li>\n<li>\u017cylaki ko\u0144czyn dolnych.<\/li>\n<\/ul>\n<p><span style=\"color: #ffffff;\">Chirurg naczyniowy Bychawa dr Marek Chrapko<\/span>[\/cq_vc_accordion_item][\/cq_vc_accordion][\/vc_column][\/vc_row][vc_row][vc_column][vc_custom_heading text=&#8221;\u017bylaki ko\u0144czyn dolnych&#8221; font_container=&#8221;tag:h3|text_align:center&#8221; use_theme_fonts=&#8221;yes&#8221; rs_decor_place=&#8221;2&#8243;][\/vc_custom_heading][cq_vc_accordion accordionstyle=&#8221;style2&#8243; contentcolor=&#8221;#333333&#8243; titlebg=&#8221;#ffffff&#8221; titlehovercolor=&#8221;#ffffff&#8221; titlehoverbg=&#8221;#00aced&#8221; extraborder=&#8221;yes&#8221; extrabordercolor=&#8221;#81d742&#8243;][cq_vc_accordion_item accordiontitle=&#8221;Informacje&#8221;]Zabiegi chirurgiczne \u017cylak\u00f3w ko\u0144czyn dolnych wykonywane s\u0105 na Oddziale Leczenia Jednego w Bychawie, Tomaszowie Lubelskim oraz w Lublinie. Aby otrzyma\u0107 skierowanie na zabieg nale\u017cy najpierw zg\u0142osi\u0107 si\u0119 na wizyt\u0119 do naczyniowca.[\/cq_vc_accordion_item][cq_vc_accordion_item accordiontitle=&#8221;Czym s\u0105 \u017cylaki i jakie s\u0105 czynniki ich powstawania?&#8221;]\u017bylaki ko\u0144czyn dolnych nale\u017c\u0105 do objaw\u00f3w klinicznych przewlek\u0142ej choroby \u017cylnej. \u017by\u0142y ulegaj\u0105 nienaturalnemu poszerzeniu, wyd\u0142u\u017ceniu i poskr\u0119caniu. Powierzchowne \u017cy\u0142y obj\u0119te tym schorzeniem s\u0105 widoczne przez sk\u00f3r\u0119 oraz tworz\u0105 wyczuwalne w dotyku uwypuklenia w nieregularnych kszta\u0142tach. Niestety choroba niesie za sob\u0105 sporo nieprzyjemnych dolegliwo\u015bci, takich jak obrz\u0119ki n\u00f3g i st\u00f3p, uporczywe sw\u0119dzenie, sta\u0142y b\u00f3l i uczucie ci\u0119\u017cko\u015bci n\u00f3g. Opr\u00f3cz tego w p\u00f3\u017aniejszym stadium mo\u017ce dochodzi\u0107 do przebarwie\u0144, owrzodze\u0144 czy stwardnie\u0144 sk\u00f3ry.<\/p>\n<p>Dlaczego w naszych ko\u0144czynach zachodz\u0105 takie zmiany chorobowe? Do najwa\u017cniejszych czynnik\u00f3w mo\u017cemy zaliczy\u0107:<\/p>\n<ul>\n<li>obci\u0105\u017cenie genetyczne (wyst\u0119powanie choroby w rodzinie),<\/li>\n<li>wiek (zdecydowanie bardziej nara\u017cone s\u0105 osoby starsze),<\/li>\n<li>p\u0142e\u0107 (statystycznie kobiety s\u0105 nara\u017cone bardziej nawet o 20-30 proc.),<\/li>\n<li>praca zawodowa zwi\u0105zana z pozycj\u0105 stoj\u0105c\u0105 lub d\u0142ugotrwa\u0142\u0105 pozycj\u0105 siedz\u0105c\u0105,<\/li>\n<li>przebyta zakrzepica. <span style=\"color: #ffffff;\">Chirurg naczyniowy Bychawa<\/span><\/li>\n<\/ul>\n<p>[\/cq_vc_accordion_item][cq_vc_accordion_item accordiontitle=&#8221;Wskazania do laserowego usuwania \u017cylak\u00f3w metod\u0105 EVLT&#8221;]Konieczno\u015b\u0107 zastosowania odpowiedniego leczenia zwykle mo\u017cemy podzieli\u0107 na dwie grupy \u2013 wskazania typowo zdrowotne oraz estetyczne. G\u0142\u00f3wnym badaniem kwalifikuj\u0105cym do leczenia jest USG Doppler, kt\u00f3rego wynik mo\u017ce wykaza\u0107 cofanie si\u0119 krwi w \u017cyle na skutek nieprawid\u0142owej funkcjonalno\u015bci jej zastawek. Drugim istotnym w kwestii naszego komfortu psychicznego powodem, dla kt\u00f3rego decydujemy si\u0119 na laserowe usuwanie \u017cylak\u00f3w, jest wygl\u0105d naszych n\u00f3g. Szczeg\u00f3lnie latem, gdy chcemy cieszy\u0107 si\u0119 mo\u017cliwo\u015bci\u0105 noszenia kr\u00f3tkich spodni czy sukienek, mo\u017ce by\u0107 to wyj\u0105tkowo uci\u0105\u017cliwe.[\/cq_vc_accordion_item][cq_vc_accordion_item accordiontitle=&#8221;Przewaga metody EVLT nad innymi mo\u017cliwo\u015bciami leczenia&#8221;]Laserowe usuwanie \u017cylak\u00f3w metod\u0105 EVLT jest bardzo prostym, prawie bezbolesnym zabiegiem. Mo\u017cemy wyr\u00f3\u017cni\u0107 kilka najwa\u017cniejszych aspekt\u00f3w przemawiaj\u0105cych za stosowaniem tej formy leczenia przewlek\u0142ej choroby \u017cylnej, s\u0105 to mi\u0119dzy innymi:<\/p>\n<ul>\n<li>kr\u00f3tki czas zabiegu,<\/li>\n<li>brak konieczno\u015bci hospitalizacji pacjenta,<\/li>\n<li>niewielkie blizny,<\/li>\n<li>kr\u00f3tki okres rekonwalescencji,<\/li>\n<li>ma\u0142e ryzyko powik\u0142a\u0144,<\/li>\n<li>kr\u00f3tkotrwa\u0142e znieczulenie og\u00f3lne.<\/li>\n<\/ul>\n<p>[\/cq_vc_accordion_item][cq_vc_accordion_item accordiontitle=&#8221;Zabieg krok po kroku \u2013 czego mo\u017cemy si\u0119 spodziewa\u0107?&#8221;]Pierwszym elementem przed ka\u017cdym zabiegiem jest dok\u0142adny wywiad z pacjentem, ka\u017cdy przypadek nale\u017cy traktowa\u0107 bardzo indywidualnie. Przed zabiegiem lekarz dokonuje tzw. mappingu \u2013 czyli na sk\u00f3rze zaznacza istotne punkty \u2013 przebieg g\u0142\u00f3wnych pni \u017cylnych oraz miejsca wprowadzenia w\u0142\u00f3kna laserowego. Kolejnym etapem jest znieczulenie, po kt\u00f3rym rozpoczyna si\u0119 proces wprowadzania lasera do \u017cy\u0142y. Uruchomiony laser powoli wycofuje si\u0119, zamykaj\u0105c tym samym niewydolne naczynie. Na koniec pacjent otrzymuje opatrunek uciskowy i zwykle po godzinie jest gotowy powr\u00f3ci\u0107 do domu.[\/cq_vc_accordion_item][cq_vc_accordion_item accordiontitle=&#8221;Zalecenia po zabiegu&#8221;]Pierwsz\u0105 rzecz\u0105, kt\u00f3ra nast\u0119puje po zabiegu i za\u0142o\u017ceniu opasek uciskowych, jest kr\u00f3tki spacer, maj\u0105cy na celu sprawdzenie, czy wszystko jest w porz\u0105dku i chory nie odczuwa \u017cadnego dyskomfortu. Przez kilkana\u015bcie dni po laserowym usuwaniu \u017cylak\u00f3w nale\u017cy nosi\u0107 opaski uciskowe. W pierwszej dobie po zabiegu nie powinno si\u0119 ich \u015bci\u0105ga\u0107, natomiast w p\u00f3\u017aniej zak\u0142adamy je tylko na dzie\u0144.<br \/>\nOsoby, kt\u00f3re podda\u0142y si\u0119 leczeniu, powinny unika\u0107 nara\u017cenia na wysokie temperatury (nadmiar ekspozycji na s\u0142o\u0144ce, k\u0105piele w umiarkowanie ciep\u0142ej wodzie). Co wi\u0119cej zalecane s\u0105 regularne, d\u0142ugie spacery (nawet 1-2 godziny dziennie). Unikamy jednak intensywnej aktywno\u015bci fizycznej, szczeg\u00f3lnie przez kilka pierwszych tygodni.<\/p>\n<p>Zapraszamy do zapoznania si\u0119 z zakresem \u015bwiadczonych us\u0142ug przez poradnie psychologiczne dla dzieci &gt; <a href=\"https:\/\/e-okulistyka.pl\/psycholog-bychawa-lublin\/\">kliknij tutaj.<\/a>\u00a0 Zobacz stron\u0119 POZ &gt; <a href=\"http:\/\/lekarzerodzinni.e-okulistyka.pl\/\">kliknij tutaj.<\/a><\/p>\n<p><span style=\"color: #ffffff;\">Chirurg naczyniowy Bychawa<\/span>[\/cq_vc_accordion_item][\/cq_vc_accordion][\/vc_column][\/vc_row]<\/p>\n","protected":false},"excerpt":{"rendered":"<p>[vc_row][vc_column][vc_separator color=&#8221;blue&#8221; style=&#8221;shadow&#8221;][vc_empty_space height=&#8221;96px&#8221;][vc_custom_heading text=&#8221;Wizyta w Poradni Chirurga Naczyniowego&#8221; font_container=&#8221;tag:h3|text_align:center&#8221; use_theme_fonts=&#8221;yes&#8221; rs_decor_place=&#8221;2&#8243;][\/vc_custom_heading][cq_vc_accordion accordionstyle=&#8221;style2&#8243; contentcolor=&#8221;#333333&#8243; titlebg=&#8221;#ffffff&#8221; titlehovercolor=&#8221;#ffffff&#8221; titlehoverbg=&#8221;#00aced&#8221; extraborder=&#8221;yes&#8221; extrabordercolor=&#8221;#81d742&#8243; displayfirst=&#8221;on&#8221;][cq_vc_accordion_item accordiontitle=&#8221;Informacje&#8221;]Wizyty odbywaj\u0105 si\u0119 w pi\u0105tki, raz w miesi\u0105cu, w Poradni Chirurgii Naczyniowej w Bychawie na ul. Pi\u0142sudskiego 63 &#8211; budynek OKULISTYKA S.C. Pacjent mo\u017ce zarejestrowa\u0107 si\u0119 na wizyt\u0119 prywatn\u0105 osobi\u015bcie lub telefonicznie pod nr. tel. [&hellip;]<\/p>\n","protected":false},"author":2,"featured_media":3650,"parent":0,"menu_order":0,"comment_status":"closed","ping_status":"closed","template":"custompagett.php","meta":{"footnotes":""},"class_list":["post-2902","page","type-page","status-publish","has-post-thumbnail","hentry"],"_links":{"self":[{"href":"https:\/\/testtest.dfirma.pl\/index.php\/wp-json\/wp\/v2\/pages\/2902","targetHints":{"allow":["GET"]}}],"collection":[{"href":"https:\/\/testtest.dfirma.pl\/index.php\/wp-json\/wp\/v2\/pages"}],"about":[{"href":"https:\/\/testtest.dfirma.pl\/index.php\/wp-json\/wp\/v2\/types\/page"}],"author":[{"embeddable":true,"href":"https:\/\/testtest.dfirma.pl\/index.php\/wp-json\/wp\/v2\/users\/2"}],"replies":[{"embeddable":true,"href":"https:\/\/testtest.dfirma.pl\/index.php\/wp-json\/wp\/v2\/comments?post=2902"}],"version-history":[{"count":0,"href":"https:\/\/testtest.dfirma.pl\/index.php\/wp-json\/wp\/v2\/pages\/2902\/revisions"}],"wp:featuredmedia":[{"embeddable":true,"href":"https:\/\/testtest.dfirma.pl\/index.php\/wp-json\/wp\/v2\/media\/3650"}],"wp:attachment":[{"href":"https:\/\/testtest.dfirma.pl\/index.php\/wp-json\/wp\/v2\/media?parent=2902"}],"curies":[{"name":"wp","href":"https:\/\/api.w.org\/{rel}","templated":true}]}}