{"id":2762,"date":"2021-05-10T22:07:34","date_gmt":"2021-05-10T20:07:34","guid":{"rendered":"https:\/\/e-okulistyka.pl\/?page_id=2762"},"modified":"2021-05-10T22:07:34","modified_gmt":"2021-05-10T20:07:34","slug":"szczepienia-covid-bychawa-lublin","status":"publish","type":"page","link":"https:\/\/testtest.dfirma.pl\/index.php\/szczepienia-covid-bychawa-lublin\/","title":{"rendered":"Szczepienia Covid Bychawa, Lublin, Tworycz\u00f3w #Szczepimy si\u0119"},"content":{"rendered":"<p>[vc_row][vc_column][vc_row_inner el_id=&#8221;covid&#8221;][vc_column_inner][vc_empty_space][vc_icon icon_fontawesome=&#8221;far fa-file-pdf&#8221; align=&#8221;center&#8221; css_animation=&#8221;bounceIn&#8221; link=&#8221;url:http%3A%2F%2Foko.you2.pl%2Fwp-content%2Fuploads%2F2021%2F05%2FKwestionariusz-wstepnego-wywiadu-przesiewowego-przed-szczepieniem-osoby-doroslej-przeciw-COVID-19.pdf|title:pobierz|target:_blank|rel:nofollow&#8221;][vc_column_text rsclass=&#8221;clean&#8221;]<\/p>\n<p style=\"text-align: center; text-decoration: underline;\">Kwestionariusz wst\u0119pnego wywiadu przesiewowego przed szczepieniem osoby doros\u0142ej przeciw COVID-19<\/p>\n<p style=\"text-align: center;\">Zapraszamy do rejestracji online &gt; <a href=\"https:\/\/e-okulistyka.pl\/rejestracja-online-okulistyka\/\">kliknij tutaj.<\/a> Zobacz r\u00f3wnie\u017c nasz\u0105 stron\u0119 POZ &gt; <a href=\"http:\/\/lekarzerodzinni.e-okulistyka.pl\/\">kliknij tutaj.<\/a><\/p>\n<p>[\/vc_column_text][vc_empty_space][vc_text_separator title=&#8221;&#8221; i_icon_fontawesome=&#8221;fas fa-crutch&#8221; color=&#8221;sky&#8221; add_icon=&#8221;true&#8221;][vc_empty_space][\/vc_column_inner][\/vc_row_inner][vc_column_text]Uprzejmie informujemy, \u017ce nasza plac\u00f3wka OKULISTYKA S.C. uczestniczy w Narodowym Programie Szczepie\u0144. <span style=\"color: #ffffff;\">\/ <\/span><br \/>\nSzczepienia wykonywane s\u0105 w 3 Poradniach POZ:<\/p>\n<ul>\n<li style=\"list-style-type: none;\">\n<ul>\n<li>w Bychawie &#8211; ul. Pi\u0142sudskiego 63 &#8211; tel. 81-478-73-93<\/li>\n<li>w Lublinie &#8211; ul. Mickiewicza 28 &#8211; tel. 81-478-73-83<\/li>\n<li>w Tworyczowie &#8211; Su\u0142\u00f3w 19 &#8211; tel. 887-337-338<\/li>\n<\/ul>\n<\/li>\n<\/ul>\n<p>Zapisy prowadzimy na nasz\u0105 wewn\u0119trzn\u0105 list\u0119 a dopiero w momencie zaakceptowania dostawy szczepionki umawiamy Pacjenta na konkretny dzie\u0144 i godzin\u0119. <span style=\"color: #ffffff;\">\/ Szczepienia Covid Bychawa, Lublin, Tworycz\u00f3w.<\/span><\/p>\n<p>Co nale\u017cy zabra\u0107 przychodz\u0105c na szczepienie?<\/p>\n<ul>\n<li>dow\u00f3d osobisty<\/li>\n<li>okulary (je\u015bli Pacjentka\/Pacjent posiada)<\/li>\n<li>list\u0119 przyjmowanych aktualnie lek\u00f3w<\/li>\n<\/ul>\n<p>Je\u015bli to mo\u017cliwe to prosimy o przeczytanie i uzupe\u0142nienie dzie\u0144 przed szczepieniem \u201eKwestionariusza wst\u0119pnego wywiadu przesiewowego przed szczepieniem osoby doros\u0142ej przeciw COVID-19\u201d (dokument do pobrania i wydrukowania dost\u0119pny wy\u017cej). <span style=\"color: #ffffff;\">\/ Szczepienia Covid Bychawa, Lublin, Tworycz\u00f3w.<\/span><\/p>\n<p>Prosimy przychodzi\u0107 punktualnie na wyznaczon\u0105 godzin\u0119. Bardzo prosimy nie przychodzi\u0107 wcze\u015bniej, ze wzgl\u0119du na konieczno\u015b\u0107 obserwacji Pacjent\u00f3w po szczepieniu oraz konieczno\u015b\u0107 zachowania odpowiednich odleg\u0142o\u015bci mi\u0119dzy Pacjentami. Pacjenci kt\u00f3rzy przyjad\u0105 wcze\u015bniej nie b\u0119d\u0105 mogli wej\u015b\u0107 do przychodni POZ.<\/p>\n<p>Ka\u017cdy Pacjent przed szczepieniem b\u0119dzie badany oraz kwalifikowany do szczepienia w Poradni POZ.<\/p>\n<p>Bardzo prosimy o przestrzeganie powy\u017cszych zasad. <span style=\"color: #ffffff;\">\/ Szczepienia Covid Bychawa, Lublin, Tworycz\u00f3w.<\/span><\/p>\n<p>Zapraszamy do zapoznania si\u0119 z zakresem \u015bwiadczonych us\u0142ug przez poradnie psychologiczne dla dzieci &gt; <a href=\"https:\/\/e-okulistyka.pl\/psycholog-bychawa-lublin\/\">kliknij tutaj.<\/a><\/p>\n<p>[\/vc_column_text][\/vc_column][\/vc_row]<\/p>\n","protected":false},"excerpt":{"rendered":"<p>[vc_row][vc_column][vc_row_inner el_id=&#8221;covid&#8221;][vc_column_inner][vc_empty_space][vc_icon icon_fontawesome=&#8221;far fa-file-pdf&#8221; align=&#8221;center&#8221; css_animation=&#8221;bounceIn&#8221; link=&#8221;url:http%3A%2F%2Foko.you2.pl%2Fwp-content%2Fuploads%2F2021%2F05%2FKwestionariusz-wstepnego-wywiadu-przesiewowego-przed-szczepieniem-osoby-doroslej-przeciw-COVID-19.pdf|title:pobierz|target:_blank|rel:nofollow&#8221;][vc_column_text rsclass=&#8221;clean&#8221;] Kwestionariusz wst\u0119pnego wywiadu przesiewowego przed szczepieniem osoby doros\u0142ej przeciw COVID-19 Zapraszamy do rejestracji online &gt; kliknij tutaj. Zobacz r\u00f3wnie\u017c nasz\u0105 stron\u0119 POZ &gt; kliknij tutaj. [\/vc_column_text][vc_empty_space][vc_text_separator title=&#8221;&#8221; i_icon_fontawesome=&#8221;fas fa-crutch&#8221; color=&#8221;sky&#8221; add_icon=&#8221;true&#8221;][vc_empty_space][\/vc_column_inner][\/vc_row_inner][vc_column_text]Uprzejmie informujemy, \u017ce nasza plac\u00f3wka OKULISTYKA S.C. uczestniczy w Narodowym Programie Szczepie\u0144. \/ Szczepienia wykonywane s\u0105 w [&hellip;]<\/p>\n","protected":false},"author":2,"featured_media":3631,"parent":0,"menu_order":0,"comment_status":"closed","ping_status":"closed","template":"","meta":{"footnotes":""},"class_list":["post-2762","page","type-page","status-publish","has-post-thumbnail","hentry"],"_links":{"self":[{"href":"https:\/\/testtest.dfirma.pl\/index.php\/wp-json\/wp\/v2\/pages\/2762","targetHints":{"allow":["GET"]}}],"collection":[{"href":"https:\/\/testtest.dfirma.pl\/index.php\/wp-json\/wp\/v2\/pages"}],"about":[{"href":"https:\/\/testtest.dfirma.pl\/index.php\/wp-json\/wp\/v2\/types\/page"}],"author":[{"embeddable":true,"href":"https:\/\/testtest.dfirma.pl\/index.php\/wp-json\/wp\/v2\/users\/2"}],"replies":[{"embeddable":true,"href":"https:\/\/testtest.dfirma.pl\/index.php\/wp-json\/wp\/v2\/comments?post=2762"}],"version-history":[{"count":0,"href":"https:\/\/testtest.dfirma.pl\/index.php\/wp-json\/wp\/v2\/pages\/2762\/revisions"}],"wp:featuredmedia":[{"embeddable":true,"href":"https:\/\/testtest.dfirma.pl\/index.php\/wp-json\/wp\/v2\/media\/3631"}],"wp:attachment":[{"href":"https:\/\/testtest.dfirma.pl\/index.php\/wp-json\/wp\/v2\/media?parent=2762"}],"curies":[{"name":"wp","href":"https:\/\/api.w.org\/{rel}","templated":true}]}}