{"id":2439,"date":"2021-04-13T14:55:30","date_gmt":"2021-04-13T12:55:30","guid":{"rendered":"https:\/\/e-okulistyka.pl\/?page_id=2439"},"modified":"2021-04-13T14:55:30","modified_gmt":"2021-04-13T12:55:30","slug":"laseroterapia-laser-zolty-mikropulsowy","status":"publish","type":"page","link":"https:\/\/testtest.dfirma.pl\/index.php\/laseroterapia-laser-zolty-mikropulsowy\/","title":{"rendered":"Laseroterapia &#8211; Laser \u017c\u00f3\u0142ty &#8211; mikropulsowy"},"content":{"rendered":"<p>[vc_row][vc_column][vc_empty_space][vc_tta_accordion style=&#8221;modern&#8221; active_section=&#8221;1&#8243; no_fill=&#8221;true&#8221;][vc_tta_section title=&#8221;Dzia\u0142anie&#8221; tab_id=&#8221;1618316778014-5a98325e-3a98&#8243;][vc_column_text]Terapia mikropulsami poprawia funkcj\u0119 nab\u0142onka barwnikowego siatk\u00f3wki, powoduj\u0105c redukcj\u0119 obrz\u0119ku siatk\u00f3wki sensorycznej bez jej uszkodzenia.<br \/>\n[\/vc_column_text][\/vc_tta_section][vc_tta_section title=&#8221;Zastosowanie&#8221; tab_id=&#8221;1618316778041-5851b9c4-ef8b&#8221;][vc_column_text]Metoda skuteczna jest w leczeniu:<\/p>\n<ul>\n<li>CSR &#8211; Centralna Surowicza Chorioretinopatia &#8211; cz\u0119sto wyst\u0119puj\u0105ca u m\u0142odych, aktywnych zawodowo m\u0119\u017cczyzn<\/li>\n<li>CME &#8211; obrz\u0119k torbielowaty plamki &#8211; co pozwala na znaczne zredukowanie a czasem zast\u0105pienie iniekcji doszklistkowych<\/li>\n<li>pacjent\u00f3w z AMD i cukrzyc\u0105 oraz z zakrzepem \u017cy\u0142y \u015brodkowej siatk\u00f3wki<\/li>\n<\/ul>\n<p>Laser mikropulsowy stosowany jest tak\u017ce w leczeniu jaskry &#8211; trabekuloplastyka laserowa MTL &#8211; pozwala obni\u017cy\u0107 ci\u015bnienie wewn\u0105trzga\u0142kowe.<br \/>\n[\/vc_column_text][\/vc_tta_section][vc_tta_section title=&#8221;Aspekty medyczne&#8221; tab_id=&#8221;1618336556045-c99b8cd9-4885&#8243;][vc_column_text]Laser \u017c\u00f3\u0142ty &#8211; fala \u015bwiat\u0142a lasera \u017c\u00f3\u0142tego powoduje g\u0142\u0119bsz\u0105 penetracj\u0119 do struktur naczyniowych i pigmentowanych oka ni\u017c zielona d\u0142ugo\u015b\u0107 fali. W zwi\u0105zku z tym wymaga mniej mocy ni\u017c laser zielony i mo\u017cna osi\u0105gn\u0105\u0107 lepsze rezultaty podczas fotokoagulacji siatk\u00f3wki.<\/p>\n<p>\u017b\u00f3\u0142te \u015bwiat\u0142o laserowe daje wysok\u0105 absorpcj\u0119 hemoglobiny i znikome wch\u0142anianie w ksantofilu plamki \u017c\u00f3\u0142tej. Ta d\u0142ugo\u015b\u0107 fali jest po\u017c\u0105dana gdy konieczne jest przenikanie przez p\u0142yn np. podczas leczenia odwarstwienia lub rozdarcia siatk\u00f3wki. Wnika r\u00f3wnie\u017c w \u0142agodne zaburzenia pigmentowe i dlatego dobrze si\u0119 nadaje gdy cel le\u017cy w obszarze poprzedniego leczenia fotokoagulacyjnego.<\/p>\n<p>Podstawow\u0105 zalet\u0105 lasera \u017c\u00f3\u0142tego jest fakt, \u017ce przybli\u017ca szczytow\u0105 absorpcj\u0119 hemoglobiny i znikome wch\u0142anianie w ksantofilu w siatk\u00f3wce neurosensorycznej. Dlatego zalecany jest do ogniskowego leczenia mikrot\u0119tniak\u00f3w lub innych zmian naczyniowych w rejonie plamki \u017c\u00f3\u0142tej.<\/p>\n<p>Zalet\u0105 lasera \u017c\u00f3\u0142tego jest to, \u017ce wytwarza znacznie mniej rozproszonego \u015bwiat\u0142a co daje g\u0142\u0119bsz\u0105 penetracj\u0119 do struktur oka i lepszy efekt leczenia przy zastosowaniu ni\u017cszego poziomu energii.<br \/>\n[\/vc_column_text][\/vc_tta_section][\/vc_tta_accordion][\/vc_column][\/vc_row]<\/p>\n","protected":false},"excerpt":{"rendered":"<p>[vc_row][vc_column][vc_empty_space][vc_tta_accordion style=&#8221;modern&#8221; active_section=&#8221;1&#8243; no_fill=&#8221;true&#8221;][vc_tta_section title=&#8221;Dzia\u0142anie&#8221; tab_id=&#8221;1618316778014-5a98325e-3a98&#8243;][vc_column_text]Terapia mikropulsami poprawia funkcj\u0119 nab\u0142onka barwnikowego siatk\u00f3wki, powoduj\u0105c redukcj\u0119 obrz\u0119ku siatk\u00f3wki sensorycznej bez jej uszkodzenia. [\/vc_column_text][\/vc_tta_section][vc_tta_section title=&#8221;Zastosowanie&#8221; tab_id=&#8221;1618316778041-5851b9c4-ef8b&#8221;][vc_column_text]Metoda skuteczna jest w leczeniu: CSR &#8211; Centralna Surowicza Chorioretinopatia &#8211; cz\u0119sto wyst\u0119puj\u0105ca u m\u0142odych, aktywnych zawodowo m\u0119\u017cczyzn CME &#8211; obrz\u0119k torbielowaty plamki &#8211; co pozwala na znaczne zredukowanie a czasem zast\u0105pienie iniekcji [&hellip;]<\/p>\n","protected":false},"author":2,"featured_media":0,"parent":0,"menu_order":0,"comment_status":"closed","ping_status":"closed","template":"","meta":{"footnotes":""},"class_list":["post-2439","page","type-page","status-publish","hentry"],"_links":{"self":[{"href":"https:\/\/testtest.dfirma.pl\/index.php\/wp-json\/wp\/v2\/pages\/2439","targetHints":{"allow":["GET"]}}],"collection":[{"href":"https:\/\/testtest.dfirma.pl\/index.php\/wp-json\/wp\/v2\/pages"}],"about":[{"href":"https:\/\/testtest.dfirma.pl\/index.php\/wp-json\/wp\/v2\/types\/page"}],"author":[{"embeddable":true,"href":"https:\/\/testtest.dfirma.pl\/index.php\/wp-json\/wp\/v2\/users\/2"}],"replies":[{"embeddable":true,"href":"https:\/\/testtest.dfirma.pl\/index.php\/wp-json\/wp\/v2\/comments?post=2439"}],"version-history":[{"count":0,"href":"https:\/\/testtest.dfirma.pl\/index.php\/wp-json\/wp\/v2\/pages\/2439\/revisions"}],"wp:attachment":[{"href":"https:\/\/testtest.dfirma.pl\/index.php\/wp-json\/wp\/v2\/media?parent=2439"}],"curies":[{"name":"wp","href":"https:\/\/api.w.org\/{rel}","templated":true}]}}