{"id":2435,"date":"2021-04-13T13:14:11","date_gmt":"2021-04-13T11:14:11","guid":{"rendered":"https:\/\/e-okulistyka.pl\/?page_id=2435"},"modified":"2021-04-13T13:14:11","modified_gmt":"2021-04-13T11:14:11","slug":"kapsulotomia-i-irydotomia-laser-neodymowy-yag","status":"publish","type":"page","link":"https:\/\/testtest.dfirma.pl\/index.php\/kapsulotomia-i-irydotomia-laser-neodymowy-yag\/","title":{"rendered":"Kapsulotomia i irydotomia &#8211; laser neodymowy YAG"},"content":{"rendered":"<p>[vc_row][vc_column][vc_empty_space][vc_tta_accordion style=&#8221;modern&#8221; active_section=&#8221;1&#8243; no_fill=&#8221;true&#8221;][vc_tta_section title=&#8221;Czym jest laser YAG?&#8221; tab_id=&#8221;1618309968486-73d9334e-b2cb&#8221;][vc_column_text]Laser YAG wykorzystujemy do kapsulotomii i irydotomii. Laser emituje promieniowanie o d\u0142ugo\u015bci 1064nm. Efektem tego dzia\u0142ania jest przeci\u0119cie tkanki.<\/p>\n<p>Kapsulotomia czyli przeci\u0119cie tylnej torby soczewki w za\u0107mie wt\u00f3rnej.<br \/>\nPo prawid\u0142owo wykonanej operacji za\u0107my mo\u017ce doj\u015b\u0107 do zm\u0119tnienia torby tylnej soczewki co powoduje spadek ostro\u015bci widzenia.<\/p>\n<p>[\/vc_column_text][\/vc_tta_section][vc_tta_section title=&#8221;Leczenie laserem YAG kapsulotomia&#8221; tab_id=&#8221;1618309968521-8846ab04-c7b7&#8243;][vc_column_text]Leczenie polega na wytworzeniu otworu w centrum torby tylnej soczewki. Zabieg wykonuje si\u0119 kilka miesi\u0119cy po operacji za\u0107my.<br \/>\n[\/vc_column_text][\/vc_tta_section][vc_tta_section title=&#8221;Leczenie laserem YAG irydotomia&#8221; tab_id=&#8221;1618310982827-4fe834d4-f9f6&#8243;][vc_column_text]Irydotomia laserowa &#8211; jej celem jest wytworzenie otworu w obwodowej cz\u0119\u015bci t\u0119cz\u00f3wki co umo\u017cliwia przep\u0142yw cieczy wodnistej z tylnej do przedniej komory oka. Irydotomi\u0119 laserow\u0105 stosuje si\u0119 mi\u0119dzy innymi w przypadkach jaskry zamykaj\u0105cego si\u0119 k\u0105ta b\u0105d\u017a te\u017c w oczach po ataku jaskry oraz jako irydotomi\u0119 profilaktyczn\u0105 w oku towarzysz\u0105cym.<br \/>\n[\/vc_column_text][\/vc_tta_section][\/vc_tta_accordion][\/vc_column][\/vc_row]<\/p>\n","protected":false},"excerpt":{"rendered":"<p>[vc_row][vc_column][vc_empty_space][vc_tta_accordion style=&#8221;modern&#8221; active_section=&#8221;1&#8243; no_fill=&#8221;true&#8221;][vc_tta_section title=&#8221;Czym jest laser YAG?&#8221; tab_id=&#8221;1618309968486-73d9334e-b2cb&#8221;][vc_column_text]Laser YAG wykorzystujemy do kapsulotomii i irydotomii. Laser emituje promieniowanie o d\u0142ugo\u015bci 1064nm. Efektem tego dzia\u0142ania jest przeci\u0119cie tkanki. Kapsulotomia czyli przeci\u0119cie tylnej torby soczewki w za\u0107mie wt\u00f3rnej. Po prawid\u0142owo wykonanej operacji za\u0107my mo\u017ce doj\u015b\u0107 do zm\u0119tnienia torby tylnej soczewki co powoduje spadek ostro\u015bci widzenia. [\/vc_column_text][\/vc_tta_section][vc_tta_section title=&#8221;Leczenie [&hellip;]<\/p>\n","protected":false},"author":2,"featured_media":0,"parent":0,"menu_order":0,"comment_status":"closed","ping_status":"closed","template":"","meta":{"footnotes":""},"class_list":["post-2435","page","type-page","status-publish","hentry"],"_links":{"self":[{"href":"https:\/\/testtest.dfirma.pl\/index.php\/wp-json\/wp\/v2\/pages\/2435","targetHints":{"allow":["GET"]}}],"collection":[{"href":"https:\/\/testtest.dfirma.pl\/index.php\/wp-json\/wp\/v2\/pages"}],"about":[{"href":"https:\/\/testtest.dfirma.pl\/index.php\/wp-json\/wp\/v2\/types\/page"}],"author":[{"embeddable":true,"href":"https:\/\/testtest.dfirma.pl\/index.php\/wp-json\/wp\/v2\/users\/2"}],"replies":[{"embeddable":true,"href":"https:\/\/testtest.dfirma.pl\/index.php\/wp-json\/wp\/v2\/comments?post=2435"}],"version-history":[{"count":0,"href":"https:\/\/testtest.dfirma.pl\/index.php\/wp-json\/wp\/v2\/pages\/2435\/revisions"}],"wp:attachment":[{"href":"https:\/\/testtest.dfirma.pl\/index.php\/wp-json\/wp\/v2\/media?parent=2435"}],"curies":[{"name":"wp","href":"https:\/\/api.w.org\/{rel}","templated":true}]}}