{"id":2427,"date":"2021-04-13T11:01:21","date_gmt":"2021-04-13T09:01:21","guid":{"rendered":"https:\/\/e-okulistyka.pl\/?page_id=2427"},"modified":"2021-04-13T11:01:21","modified_gmt":"2021-04-13T09:01:21","slug":"laseroterapia-laser-slt","status":"publish","type":"page","link":"https:\/\/testtest.dfirma.pl\/index.php\/laseroterapia-laser-slt\/","title":{"rendered":"Laseroterapia &#8211; Laser SLT"},"content":{"rendered":"<p>[vc_row][vc_column][vc_empty_space][vc_tta_accordion style=&#8221;modern&#8221; active_section=&#8221;1&#8243; no_fill=&#8221;true&#8221;][vc_tta_section title=&#8221;Czym jest laser SLT?&#8221; tab_id=&#8221;1618303835075-2a5183be-de4b&#8221;][vc_column_text]SLT czyli Selektywna Trabekuloplastyka Laserowa to procedura lecznicza polegaj\u0105ca na stymulacji i ograniczonej destrukcji kom\u00f3rek barwnikowych w k\u0105cie przes\u0105czania stosuj\u0105c selektywn\u0105 fototermoliz\u0119. Ma to na celu:<\/p>\n<ul>\n<li>obni\u017cenie ci\u015bnienia wewn\u0105trzga\u0142kowego,<\/li>\n<li>u\u0142atwienie odp\u0142ywu cieczy wodnistej.<\/li>\n<\/ul>\n<p>SLT obni\u017ca ci\u015bnienie \u015br\u00f3dga\u0142kowe \u015brednio o 25-30%, kt\u00f3re utrzymuje si\u0119 przez oko\u0142o 2 lata.<br \/>\n[\/vc_column_text][\/vc_tta_section][vc_tta_section title=&#8221;Zastosowanie lasera SLT&#8221; tab_id=&#8221;1618303835103-b04933df-ffd3&#8243;][vc_column_text]Laser SLT stosujemy w przebiegu jaskry pierwotnej z otwartym k\u0105tem przes\u0105czania oraz jaskry wt\u00f3rnej z zamykaj\u0105cym si\u0119 k\u0105tem przes\u0105czania.[\/vc_column_text][\/vc_tta_section][vc_tta_section title=&#8221;Leczenie laserem SLT&#8221; tab_id=&#8221;1618307597133-a15e423b-8ede&#8221;][vc_column_text]Zabieg laserem SLT jest skuteczny u pacjent\u00f3w w r\u00f3\u017cnych postaciach jaskry i nadci\u015bnienia ocznego, kt\u00f3rzy z r\u00f3\u017cnych przyczyn nie mog\u0105 zosta\u0107 poddani leczeniu farmakologicznemu lub chirurgicznemu oraz jako metod\u0119 uzupe\u0142niaj\u0105c\u0105.<br \/>\nLaser SLT to r\u00f3wnie\u017c alternatywa metoda leczenia dla kobiet w ci\u0105\u017cy i w okresie laktacji oraz dla m\u0142odych pacjent\u00f3w przed terapi\u0105 lekami farmakologicznymi jako leczenie pierwszego rzutu.[\/vc_column_text][\/vc_tta_section][vc_tta_section title=&#8221;Warto wiedzie\u0107&#8221; tab_id=&#8221;1618308183988-16c9a176-590b&#8221;][vc_column_text]<\/p>\n<ul>\n<li>Zabieg mo\u017cna powtarza\u0107<\/li>\n<li>Leczenie laserem SLT mo\u017ce by\u0107 \u0142\u0105czone z leczeniem farmakologicznym<\/li>\n<li>Terapia laserem SLT jest bezbolesna<\/li>\n<li>Zabieg wykonuje si\u0119 podczas wizyty w Poradni Okulistycznej &#8211; pacjent nie mo\u017ce kierowa\u0107 pojazdem po zabiegu, wskazana jest obecno\u015b\u0107 drugiej osoby<\/li>\n<\/ul>\n<p>[\/vc_column_text][\/vc_tta_section][\/vc_tta_accordion][\/vc_column][\/vc_row]<\/p>\n","protected":false},"excerpt":{"rendered":"<p>[vc_row][vc_column][vc_empty_space][vc_tta_accordion style=&#8221;modern&#8221; active_section=&#8221;1&#8243; no_fill=&#8221;true&#8221;][vc_tta_section title=&#8221;Czym jest laser SLT?&#8221; tab_id=&#8221;1618303835075-2a5183be-de4b&#8221;][vc_column_text]SLT czyli Selektywna Trabekuloplastyka Laserowa to procedura lecznicza polegaj\u0105ca na stymulacji i ograniczonej destrukcji kom\u00f3rek barwnikowych w k\u0105cie przes\u0105czania stosuj\u0105c selektywn\u0105 fototermoliz\u0119. Ma to na celu: obni\u017cenie ci\u015bnienia wewn\u0105trzga\u0142kowego, u\u0142atwienie odp\u0142ywu cieczy wodnistej. SLT obni\u017ca ci\u015bnienie \u015br\u00f3dga\u0142kowe \u015brednio o 25-30%, kt\u00f3re utrzymuje si\u0119 przez oko\u0142o 2 lata. [&hellip;]<\/p>\n","protected":false},"author":2,"featured_media":0,"parent":0,"menu_order":0,"comment_status":"closed","ping_status":"closed","template":"","meta":{"footnotes":""},"class_list":["post-2427","page","type-page","status-publish","hentry"],"_links":{"self":[{"href":"https:\/\/testtest.dfirma.pl\/index.php\/wp-json\/wp\/v2\/pages\/2427","targetHints":{"allow":["GET"]}}],"collection":[{"href":"https:\/\/testtest.dfirma.pl\/index.php\/wp-json\/wp\/v2\/pages"}],"about":[{"href":"https:\/\/testtest.dfirma.pl\/index.php\/wp-json\/wp\/v2\/types\/page"}],"author":[{"embeddable":true,"href":"https:\/\/testtest.dfirma.pl\/index.php\/wp-json\/wp\/v2\/users\/2"}],"replies":[{"embeddable":true,"href":"https:\/\/testtest.dfirma.pl\/index.php\/wp-json\/wp\/v2\/comments?post=2427"}],"version-history":[{"count":0,"href":"https:\/\/testtest.dfirma.pl\/index.php\/wp-json\/wp\/v2\/pages\/2427\/revisions"}],"wp:attachment":[{"href":"https:\/\/testtest.dfirma.pl\/index.php\/wp-json\/wp\/v2\/media?parent=2427"}],"curies":[{"name":"wp","href":"https:\/\/api.w.org\/{rel}","templated":true}]}}