{"id":2367,"date":"2021-04-06T14:35:18","date_gmt":"2021-04-06T12:35:18","guid":{"rendered":"https:\/\/e-okulistyka.pl\/?page_id=2367"},"modified":"2021-04-06T14:35:18","modified_gmt":"2021-04-06T12:35:18","slug":"oddzial-chirurgiczny-ogolny-dla-dzieci","status":"publish","type":"page","link":"https:\/\/testtest.dfirma.pl\/index.php\/oddzial-chirurgiczny-ogolny-dla-dzieci\/","title":{"rendered":"Oddzia\u0142 chirurgiczny dla dzieci"},"content":{"rendered":"<p>[vc_row][vc_column][vc_column_text]W naszym oddziale chirurgicznym dla dzieci wykonujemy operacje przepuklin pachwinowych, niezst\u0105pionych j\u0105der, wodniak\u00f3w j\u0105dra i powr\u00f3zka nasiennego, stulejki i innych chor\u00f3b w znieczuleniu og\u00f3lnym i miejscowym. \/ Oddzia\u0142 chirurgiczny dla dzieci<\/p>\n<p>Leczenie rozpoczynamy od wizyty u chirurga dzieci\u0119cego (dr n. med. Ryszard Siwek) w poradni chirurgii dzieci\u0119cej Prywatnej Specjalistycznej Polikliniki w Lublinie przy ul. Romera 57 (tel. 081\u00a0744 76 72, 602\u00a0328\u00a0777). Podczas tego spotkania lekarz stara si\u0119 zdoby\u0107 zaufanie ma\u0142ego pacjenta, natomiast rodzic\u00f3w dok\u0142adnie informuje o sposobie leczenia rozpoznanej choroby.<\/p>\n<p>Po wykonaniu bada\u0144, niezb\u0119dnych do znieczulenia og\u00f3lnego, pacjent zostaje skierowany w ustalonym terminie na oddzia\u0142 chirurgiczny w OKULISTYKA S.C. w Bychawie lub Lublinie, gdzie w komfortowych warunkach odbywa si\u0119 operacyjne leczenie. \/ Oddzia\u0142 chirurgiczny dla dzieci<\/p>\n<p>W dniu operacji staramy si\u0119 odizolowa\u0107 dziecko od wszystkiego co mo\u017ce zachwia\u0107 jego r\u00f3wnowag\u0119 psychiczn\u0105. Kontakt z najbli\u017cszymi do czasu rozpocz\u0119cia zabiegu jest niezwykle pomocny w leczeniu. Po operacji dziecko wraca do rodzic\u00f3w. Przez ca\u0142y czas jest pod opiek\u0105 anestezjologa, piel\u0119gniarki i chirurga. Zwykle po kilku godzinach chory wraca do domu.<\/p>\n<p>Dalsz\u0105 opiek\u0119 nad swoim maluchem sprawuj\u0105 rodzice pod nadzorem lekarza, z kt\u00f3rym zawsze mog\u0105 si\u0119 kontaktowa\u0107 telefonicznie, a w razie potrzeby podczas wizyty. W\u0142asne wieloletnie obserwacje pokazuj\u0105, \u017ce dziecko najlepiej czuje si\u0119 we w\u0142asnym \u0142\u00f3\u017cku w otoczeniu najbli\u017cszej rodziny i ulubionych zabawek. Minimalizuje to stres po zabiegu i zapewnia najlepsze warunki gojenia rany.<\/p>\n<p>Ka\u017cda ingerencja u dziecka powoduje b\u00f3l i uraz psychiczny. Dlatego nasz zesp\u00f3\u0142 wykorzystuje wszystkie mo\u017cliwe sposoby ich zwalczania w ramach chirurgii jednego dnia, kt\u00f3ra w naszym o\u015brodku jest w rzeczywisto\u015bci chirurgi\u0105 kilku godzin. \/ Oddzia\u0142 chirurgiczny dla dzieci<\/p>\n<p>Zobacz podstron\u0119 w prezentacj\u0105 poradni psychologicznej dla dzieci &gt; <a href=\"https:\/\/e-okulistyka.pl\/psycholog-bychawa-lublin\/\">kliknij tutaj.<\/a><\/p>\n<p>[\/vc_column_text][\/vc_column][\/vc_row]<\/p>\n","protected":false},"excerpt":{"rendered":"<p>[vc_row][vc_column][vc_column_text]W naszym oddziale chirurgicznym dla dzieci wykonujemy operacje przepuklin pachwinowych, niezst\u0105pionych j\u0105der, wodniak\u00f3w j\u0105dra i powr\u00f3zka nasiennego, stulejki i innych chor\u00f3b w znieczuleniu og\u00f3lnym i miejscowym. \/ Oddzia\u0142 chirurgiczny dla dzieci Leczenie rozpoczynamy od wizyty u chirurga dzieci\u0119cego (dr n. med. Ryszard Siwek) w poradni chirurgii dzieci\u0119cej Prywatnej Specjalistycznej Polikliniki w Lublinie przy ul. Romera [&hellip;]<\/p>\n","protected":false},"author":2,"featured_media":3613,"parent":0,"menu_order":0,"comment_status":"closed","ping_status":"closed","template":"","meta":{"footnotes":""},"class_list":["post-2367","page","type-page","status-publish","has-post-thumbnail","hentry"],"_links":{"self":[{"href":"https:\/\/testtest.dfirma.pl\/index.php\/wp-json\/wp\/v2\/pages\/2367","targetHints":{"allow":["GET"]}}],"collection":[{"href":"https:\/\/testtest.dfirma.pl\/index.php\/wp-json\/wp\/v2\/pages"}],"about":[{"href":"https:\/\/testtest.dfirma.pl\/index.php\/wp-json\/wp\/v2\/types\/page"}],"author":[{"embeddable":true,"href":"https:\/\/testtest.dfirma.pl\/index.php\/wp-json\/wp\/v2\/users\/2"}],"replies":[{"embeddable":true,"href":"https:\/\/testtest.dfirma.pl\/index.php\/wp-json\/wp\/v2\/comments?post=2367"}],"version-history":[{"count":0,"href":"https:\/\/testtest.dfirma.pl\/index.php\/wp-json\/wp\/v2\/pages\/2367\/revisions"}],"wp:featuredmedia":[{"embeddable":true,"href":"https:\/\/testtest.dfirma.pl\/index.php\/wp-json\/wp\/v2\/media\/3613"}],"wp:attachment":[{"href":"https:\/\/testtest.dfirma.pl\/index.php\/wp-json\/wp\/v2\/media?parent=2367"}],"curies":[{"name":"wp","href":"https:\/\/api.w.org\/{rel}","templated":true}]}}