{"id":2283,"date":"2021-03-20T20:32:49","date_gmt":"2021-03-20T19:32:49","guid":{"rendered":"https:\/\/e-okulistyka.pl\/?page_id=2283"},"modified":"2021-03-20T20:32:49","modified_gmt":"2021-03-20T19:32:49","slug":"dokumenty-dla-pacjenta","status":"publish","type":"page","link":"https:\/\/testtest.dfirma.pl\/index.php\/dokumenty-dla-pacjenta\/","title":{"rendered":"Dokumenty dla Pacjenta"},"content":{"rendered":"<p>[vc_row][vc_column][vc_empty_space][vc_separator color=&#8221;sky&#8221; border_width=&#8221;2&#8243; el_width=&#8221;70&#8243;][vc_empty_space][\/vc_column][\/vc_row][vc_row][vc_column][cq_vc_accordion accordionstyle=&#8221;style2&#8243; contentcolor=&#8221;#333333&#8243; titlecolor=&#8221;#000000&#8243; titlebg=&#8221;#ffffff&#8221; titlehovercolor=&#8221;#ffffff&#8221; titlehoverbg=&#8221;#00aced&#8221; contaienrwidth=&#8221;70%&#8221;][cq_vc_accordion_item accordiontitle=&#8221;Ankiety&#8221;]<\/p>\n<ul class=\"marker-list-md\">\n<li>[medin_icon icon=&#8221;icon-check-mark-1&#8243;]<a href=\"http:\/\/testtest.dfirma.pl\/wp-content\/uploads\/2021\/05\/Ankieta-CMJ.pdf\" target=\"_blank\" rel=\"noopener\"><strong>Ankieta CMJ<\/strong><\/a><\/li>\n<li>[medin_icon icon=&#8221;icon-check-mark-1&#8243;]<strong><a href=\"http:\/\/testtest.dfirma.pl\/wp-content\/uploads\/2021\/05\/Ankieta-epidemiologiczna.pdf\" target=\"_blank\" rel=\"noopener\">Ankieta epidemiologiczna<\/a><\/strong><\/li>\n<\/ul>\n<p>[\/cq_vc_accordion_item][cq_vc_accordion_item accordiontitle=&#8221;Deklaracje POZ&#8221;]<\/p>\n<ul class=\"marker-list-md\">\n<li>[medin_icon icon=&#8221;icon-check-mark-1&#8243;]<a href=\"http:\/\/testtest.dfirma.pl\/wp-content\/uploads\/2021\/05\/Deklaracja-lekarza-POZ.pdf\" target=\"_blank\" rel=\"noopener\"><strong>Deklaracja lekarza POZ<\/strong><\/a><\/li>\n<li>[medin_icon icon=&#8221;icon-check-mark-1&#8243;]<a href=\"http:\/\/testtest.dfirma.pl\/wp-content\/uploads\/2021\/05\/Deklaracja-pielegniarki-POZ.pdf\" target=\"_blank\" rel=\"noopener\"><strong>Deklaracja piel\u0119gniarki POZ<\/strong><\/a><\/li>\n<li>[medin_icon icon=&#8221;icon-check-mark-1&#8243;]<a href=\"http:\/\/testtest.dfirma.pl\/wp-content\/uploads\/2021\/05\/Deklaracja-poloznej-POZ.pdf\" target=\"_blank\" rel=\"noopener\"><strong>Deklaracja po\u0142o\u017cnej POZ<\/strong><\/a><\/li>\n<li>[medin_icon icon=&#8221;icon-check-mark-1&#8243;]<a href=\"http:\/\/testtest.dfirma.pl\/wp-content\/uploads\/2021\/05\/Oswiadczenie-pacjenta-o-upowaznieniu.pdf\" target=\"_blank\" rel=\"noopener\"><strong>O\u015bwiadczenie Pacjenta o upowa\u017cnieniu<\/strong><\/a><\/li>\n<\/ul>\n<p>[\/cq_vc_accordion_item][cq_vc_accordion_item accordiontitle=&#8221;Za\u0107ma&#8221;]<\/p>\n<ul class=\"marker-list-md\">\n<li>[medin_icon icon=&#8221;icon-check-mark-1&#8243;]<a href=\"http:\/\/testtest.dfirma.pl\/wp-content\/uploads\/2025\/08\/INFORMACJE-DLA-CHORYCH-ZAKWALIFIKOWANYCH-2025.pdf\" target=\"_blank\" rel=\"noopener\"><strong>Informacje dla Pacjenta zakwalifikowanego do zabiegu za\u0107my w OKULISTYKA S.C.<\/strong><\/a><\/li>\n<\/ul>\n<p>[\/cq_vc_accordion_item][cq_vc_accordion_item accordiontitle=&#8221;Plastyka&#8221;]<\/p>\n<ul class=\"marker-list-md\">\n<li>[medin_icon icon=&#8221;icon-check-mark-1&#8243;]<a href=\"http:\/\/testtest.dfirma.pl\/wp-content\/uploads\/2024\/02\/Zalecenia-dla-Pacjentow-zakwalifikowanych-do-zabiegu-plastycznego.pdf\" target=\"_blank\" rel=\"noopener\"><strong>Informacje dla Pacjenta zakwalifikowanego do zabiegu plastycznego w OKULISTYKA S.C.<\/strong><\/a><\/li>\n<\/ul>\n<p>[\/cq_vc_accordion_item][cq_vc_accordion_item accordiontitle=&#8221;Wnioski&#8221;]<\/p>\n<ul class=\"marker-list-md\">\n<li>[medin_icon icon=&#8221;icon-check-mark-1&#8243;]<a href=\"http:\/\/testtest.dfirma.pl\/wp-content\/uploads\/2021\/05\/Wniosek-o-wydanie-kopii-dokumentacji-medycznej.pdf\" target=\"_blank\" rel=\"noopener\"><strong>Wniosek o wydanie kopii dokumentacji medycznej<\/strong><\/a><\/li>\n<\/ul>\n<p>[\/cq_vc_accordion_item][cq_vc_accordion_item accordiontitle=&#8221;Szczepienia COVID-19&#8243;]<\/p>\n<ul class=\"marker-list-md\">\n<li>[medin_icon icon=&#8221;icon-check-mark-1&#8243;]<strong><a href=\"http:\/\/testtest.dfirma.pl\/wp-content\/uploads\/2021\/05\/Kwestionariusz-wstepnego-wywiadu-przesiewowego-przed-szczepieniem-osoby-doroslej-przeciw-COVID-19.pdf\" target=\"_blank\" rel=\"noopener\">Kwestionariusz wst\u0119pnego wywiadu przesiewowego przed szczepieniem osoby doros\u0142ej przeciw COVID-19<\/a><\/strong><\/li>\n<\/ul>\n<p>[\/cq_vc_accordion_item][\/cq_vc_accordion][\/vc_column][vc_column][vc_empty_space][vc_separator color=&#8221;sky&#8221; border_width=&#8221;2&#8243; el_width=&#8221;70&#8243;][\/vc_column][\/vc_row]<\/p>\n","protected":false},"excerpt":{"rendered":"<p>[vc_row][vc_column][vc_empty_space][vc_separator color=&#8221;sky&#8221; border_width=&#8221;2&#8243; el_width=&#8221;70&#8243;][vc_empty_space][\/vc_column][\/vc_row][vc_row][vc_column][cq_vc_accordion accordionstyle=&#8221;style2&#8243; contentcolor=&#8221;#333333&#8243; titlecolor=&#8221;#000000&#8243; titlebg=&#8221;#ffffff&#8221; titlehovercolor=&#8221;#ffffff&#8221; titlehoverbg=&#8221;#00aced&#8221; contaienrwidth=&#8221;70%&#8221;][cq_vc_accordion_item accordiontitle=&#8221;Ankiety&#8221;] [medin_icon icon=&#8221;icon-check-mark-1&#8243;]Ankieta CMJ [medin_icon icon=&#8221;icon-check-mark-1&#8243;]Ankieta epidemiologiczna [\/cq_vc_accordion_item][cq_vc_accordion_item accordiontitle=&#8221;Deklaracje POZ&#8221;] [medin_icon icon=&#8221;icon-check-mark-1&#8243;]Deklaracja lekarza POZ [medin_icon icon=&#8221;icon-check-mark-1&#8243;]Deklaracja piel\u0119gniarki POZ [medin_icon icon=&#8221;icon-check-mark-1&#8243;]Deklaracja po\u0142o\u017cnej POZ [medin_icon icon=&#8221;icon-check-mark-1&#8243;]O\u015bwiadczenie Pacjenta o upowa\u017cnieniu [\/cq_vc_accordion_item][cq_vc_accordion_item accordiontitle=&#8221;Za\u0107ma&#8221;] [medin_icon icon=&#8221;icon-check-mark-1&#8243;]Informacje dla Pacjenta zakwalifikowanego do zabiegu za\u0107my w OKULISTYKA S.C. [\/cq_vc_accordion_item][cq_vc_accordion_item accordiontitle=&#8221;Plastyka&#8221;] [medin_icon icon=&#8221;icon-check-mark-1&#8243;]Informacje [&hellip;]<\/p>\n","protected":false},"author":2,"featured_media":0,"parent":0,"menu_order":0,"comment_status":"closed","ping_status":"closed","template":"custompagett.php","meta":{"footnotes":""},"class_list":["post-2283","page","type-page","status-publish","hentry"],"_links":{"self":[{"href":"https:\/\/testtest.dfirma.pl\/index.php\/wp-json\/wp\/v2\/pages\/2283","targetHints":{"allow":["GET"]}}],"collection":[{"href":"https:\/\/testtest.dfirma.pl\/index.php\/wp-json\/wp\/v2\/pages"}],"about":[{"href":"https:\/\/testtest.dfirma.pl\/index.php\/wp-json\/wp\/v2\/types\/page"}],"author":[{"embeddable":true,"href":"https:\/\/testtest.dfirma.pl\/index.php\/wp-json\/wp\/v2\/users\/2"}],"replies":[{"embeddable":true,"href":"https:\/\/testtest.dfirma.pl\/index.php\/wp-json\/wp\/v2\/comments?post=2283"}],"version-history":[{"count":0,"href":"https:\/\/testtest.dfirma.pl\/index.php\/wp-json\/wp\/v2\/pages\/2283\/revisions"}],"wp:attachment":[{"href":"https:\/\/testtest.dfirma.pl\/index.php\/wp-json\/wp\/v2\/media?parent=2283"}],"curies":[{"name":"wp","href":"https:\/\/api.w.org\/{rel}","templated":true}]}}