{"id":1885,"date":"2021-02-17T19:32:07","date_gmt":"2021-02-17T18:32:07","guid":{"rendered":"https:\/\/e-okulistyka.pl\/?page_id=1885"},"modified":"2021-02-17T19:32:07","modified_gmt":"2021-02-17T18:32:07","slug":"szczepienia-covid-lublin-wazne-informacje","status":"publish","type":"page","link":"https:\/\/testtest.dfirma.pl\/index.php\/szczepienia-covid-lublin-wazne-informacje\/","title":{"rendered":"Zasady bezpiecze\u0144stwa w czasie epidemii COVID-19"},"content":{"rendered":"<p>[vc_row rsclass=&#8221;clean&#8221;][vc_column rsclass=&#8221;clean&#8221;][vc_icon icon_fontawesome=&#8221;fas fa-bullhorn&#8221; size=&#8221;lg&#8221; align=&#8221;center&#8221; css_animation=&#8221;bounceIn&#8221;][vc_column_text]<span style=\"color: #ffffff;\">szczepienia covid lublin<\/span><\/p>\n<p>Na teren Poradni Okulistycznej, Poradni POZ lub Oddzia\u0142u Leczenia Jednego Dnia mog\u0105 wej\u015b\u0107 osoby wy\u0142\u0105cznie wcze\u015bniej zarejestrowane.<br \/>\nWyj\u0105tek stanowi\u0105 starsze osoby wymagaj\u0105ce opieki.<br \/>\nKa\u017cda osoba wchodz\u0105ca na teren Poradni Okulistycznej, Poradni POZ lub Oddzia\u0142u Leczenia Jednego Dnia zobligowana jest do przestrzegania wprowadzonych zasad bezpiecze\u0144stwa: <span style=\"color: #ffffff;\">szczepienia covid lublin,<\/span><\/p>\n<ul>\n<li>posiadania maseczki ochronnej min. maseczki chirurgicznej,<\/li>\n<li>dezynfekcji r\u0105k,<\/li>\n<li>pomiaru temperatury,<\/li>\n<li>uzupe\u0142nienia ankiety epidemiologicznej.<\/li>\n<\/ul>\n<p>Osoby z temperatur\u0105 cia\u0142a powy\u017cej 37.5*C nie zostan\u0105 wpuszczone. <span style=\"color: #ffffff;\">szczepienia covid lublin<\/span><\/p>\n<p>Pacjent um\u00f3wiony na wizyt\u0119 lub zabieg powinien pojawi\u0107 si\u0119 maksymalnie z jedn\u0105 osob\u0105 towarzysz\u0105c\u0105, nie wcze\u015bniej ni\u017c 5-10 minut przed wyznaczon\u0105 godzin\u0105 wizyty lub zabiegu.<\/p>\n<p>Uwaga!!! Ka\u017cdy Pacjent u kt\u00f3rego wyst\u0119puje gor\u0105czka, kaszel, duszno\u015bci, utrata w\u0119chu i smaku, b\u0105d\u017a Pacjent kt\u00f3ry mia\u0142 bliski kontakt z osob\u0105 chor\u0105 lub przebywa na kwarantannie, proszony jest o kontakt telefoniczny lub mailowy z rejestracj\u0105 danej plac\u00f3wki medycznej w celu odwo\u0142ania zaplanowanej wizyty lub zabiegu i wyznaczenia nowego terminu.<br \/>\nDzi\u0119kujemy za przestrzeganie w\/w zasad.<\/p>\n<p style=\"text-align: center;\">Zapraszamy do rejestracji online &gt; <a href=\"https:\/\/e-okulistyka.pl\/rejestracja-online-okulistyka\/\">kliknij tutaj.<\/a> Zobacz r\u00f3wnie\u017c nasz\u0105 stron\u0119 POZ &gt; <a href=\"http:\/\/lekarzerodzinni.e-okulistyka.pl\/\">kliknij tutaj.<\/a><\/p>\n<p>&nbsp;<\/p>\n<p>&nbsp;<\/p>\n<p>&nbsp;<\/p>\n<p>[\/vc_column_text][\/vc_column][\/vc_row]<\/p>\n","protected":false},"excerpt":{"rendered":"<p>[vc_row rsclass=&#8221;clean&#8221;][vc_column rsclass=&#8221;clean&#8221;][vc_icon icon_fontawesome=&#8221;fas fa-bullhorn&#8221; size=&#8221;lg&#8221; align=&#8221;center&#8221; css_animation=&#8221;bounceIn&#8221;][vc_column_text]szczepienia covid lublin Na teren Poradni Okulistycznej, Poradni POZ lub Oddzia\u0142u Leczenia Jednego Dnia mog\u0105 wej\u015b\u0107 osoby wy\u0142\u0105cznie wcze\u015bniej zarejestrowane. Wyj\u0105tek stanowi\u0105 starsze osoby wymagaj\u0105ce opieki. Ka\u017cda osoba wchodz\u0105ca na teren Poradni Okulistycznej, Poradni POZ lub Oddzia\u0142u Leczenia Jednego Dnia zobligowana jest do przestrzegania wprowadzonych zasad bezpiecze\u0144stwa: szczepienia [&hellip;]<\/p>\n","protected":false},"author":2,"featured_media":3637,"parent":0,"menu_order":0,"comment_status":"closed","ping_status":"closed","template":"","meta":{"footnotes":""},"class_list":["post-1885","page","type-page","status-publish","has-post-thumbnail","hentry"],"_links":{"self":[{"href":"https:\/\/testtest.dfirma.pl\/index.php\/wp-json\/wp\/v2\/pages\/1885","targetHints":{"allow":["GET"]}}],"collection":[{"href":"https:\/\/testtest.dfirma.pl\/index.php\/wp-json\/wp\/v2\/pages"}],"about":[{"href":"https:\/\/testtest.dfirma.pl\/index.php\/wp-json\/wp\/v2\/types\/page"}],"author":[{"embeddable":true,"href":"https:\/\/testtest.dfirma.pl\/index.php\/wp-json\/wp\/v2\/users\/2"}],"replies":[{"embeddable":true,"href":"https:\/\/testtest.dfirma.pl\/index.php\/wp-json\/wp\/v2\/comments?post=1885"}],"version-history":[{"count":0,"href":"https:\/\/testtest.dfirma.pl\/index.php\/wp-json\/wp\/v2\/pages\/1885\/revisions"}],"wp:featuredmedia":[{"embeddable":true,"href":"https:\/\/testtest.dfirma.pl\/index.php\/wp-json\/wp\/v2\/media\/3637"}],"wp:attachment":[{"href":"https:\/\/testtest.dfirma.pl\/index.php\/wp-json\/wp\/v2\/media?parent=1885"}],"curies":[{"name":"wp","href":"https:\/\/api.w.org\/{rel}","templated":true}]}}