{"id":1425,"date":"2019-06-10T07:47:09","date_gmt":"2019-06-10T05:47:09","guid":{"rendered":"https:\/\/www.portotheme.com\/wordpress\/medin\/demo4\/?page_id=1425"},"modified":"2019-06-10T07:47:09","modified_gmt":"2019-06-10T05:47:09","slug":"06-quicklinks-telefony-bychawa-poradnia-poz","status":"publish","type":"page","link":"https:\/\/testtest.dfirma.pl\/index.php\/06-quicklinks-telefony-bychawa-poradnia-poz\/","title":{"rendered":"06 QuickLinks &#8211; Telefony &#8211; Bychawa Poradnia POZ"},"content":{"rendered":"<p>[vc_row rsclass=&#8221;clean&#8221;][vc_column rsclass=&#8221;clean&#8221;][vc_custom_heading text=&#8221;Telefony&#8221; font_container=&#8221;tag:h5|text_align:left&#8221; use_theme_fonts=&#8221;yes&#8221; rs_decor_place=&#8221;2&#8243; el_class=&#8221;link-drop-title&#8221; rsicon=&#8221;icon-emergency-call&#8221;][\/vc_custom_heading][vc_column_text rsclass=&#8221;clean&#8221;]<\/p>\n<ul class=\"icn-list-lg\">\n<li>[medin_icon icon=&#8221;icon-telephone-1&#8243;]<strong>Rejestracja zabiegowa<\/strong><br \/>\n<span class=\"theme-color\"><span class=\"text-nowrap\">601-361-360 w godz. 9-12<\/span><\/span><\/li>\n<li>[medin_icon icon=&#8221;icon-telephone-1&#8243;]<strong>Bychawa<\/strong> Poradnia POZ<br \/>\nul. Pi\u0142sudskiego 63 <span class=\"theme-color\"><span class=\"text-nowrap\">81-478-73-93<\/span><\/span><\/li>\n<li>[medin_icon icon=&#8221;icon-telephone-1&#8243;]<strong>Bychawa<\/strong> Poradnia AOS<br \/>\nul. Pi\u0142sudskiego 63 <span class=\"theme-color\"><span class=\"text-nowrap\">81-566-27-97<\/span><\/span><\/li>\n<li>[medin_icon icon=&#8221;icon-telephone-1&#8243;]<strong>Lublin<\/strong> Poradnia AOS<br \/>\nul. Rado\u015bci 9\/5a <span class=\"theme-color\"><span class=\"text-nowrap\">81-744-02-72<\/span><\/span><\/li>\n<li>[medin_icon icon=&#8221;icon-telephone-1&#8243;]<strong>Lublin<\/strong> Poradnia AOS\/POZ<br \/>\nul. Mickiewicza 28 <span class=\"theme-color\"><span class=\"text-nowrap\">81-478-73-83; 81-478-73-81<\/span><\/span><\/li>\n<li>[medin_icon icon=&#8221;icon-telephone-1&#8243;]<strong>Tomasz\u00f3w Lubelski<\/strong> Poradnia AOS<br \/>\nul. Wyspia\u0144skiego 23 <span class=\"theme-color\"><span class=\"text-nowrap\">84-618-33-62; 84-641-37-03<\/span><\/span><\/li>\n<li>[medin_icon icon=&#8221;icon-telephone-1&#8243;]<strong>Parczew <\/strong>Poradnia AOS<br \/>\nul. Ko\u015bcielna 136 <span class=\"theme-color\"><span class=\"text-nowrap\">83-355-21-90<\/span><\/span><\/li>\n<li>[medin_icon icon=&#8221;icon-telephone-1&#8243;]<strong>Tworycz\u00f3w<\/strong> Poradnia POZ<br \/>\nTworycz\u00f3w 19 <span class=\"theme-color\"><span class=\"text-nowrap\">887-337-338<\/span><\/span><\/li>\n<\/ul>\n<p>[\/vc_column_text][\/vc_column][\/vc_row]<\/p>\n","protected":false},"excerpt":{"rendered":"<p>[vc_row rsclass=&#8221;clean&#8221;][vc_column rsclass=&#8221;clean&#8221;][vc_custom_heading text=&#8221;Telefony&#8221; font_container=&#8221;tag:h5|text_align:left&#8221; use_theme_fonts=&#8221;yes&#8221; rs_decor_place=&#8221;2&#8243; el_class=&#8221;link-drop-title&#8221; rsicon=&#8221;icon-emergency-call&#8221;][\/vc_custom_heading][vc_column_text rsclass=&#8221;clean&#8221;] [medin_icon icon=&#8221;icon-telephone-1&#8243;]Rejestracja zabiegowa 601-361-360 w godz. 9-12 [medin_icon icon=&#8221;icon-telephone-1&#8243;]Bychawa Poradnia POZ ul. Pi\u0142sudskiego 63 81-478-73-93 [medin_icon icon=&#8221;icon-telephone-1&#8243;]Bychawa Poradnia AOS ul. Pi\u0142sudskiego 63 81-566-27-97 [medin_icon icon=&#8221;icon-telephone-1&#8243;]Lublin Poradnia AOS ul. Rado\u015bci 9\/5a 81-744-02-72 [medin_icon icon=&#8221;icon-telephone-1&#8243;]Lublin Poradnia AOS\/POZ ul. Mickiewicza 28 81-478-73-83; 81-478-73-81 [medin_icon icon=&#8221;icon-telephone-1&#8243;]Tomasz\u00f3w Lubelski Poradnia AOS [&hellip;]<\/p>\n","protected":false},"author":2,"featured_media":3641,"parent":0,"menu_order":0,"comment_status":"closed","ping_status":"closed","template":"custompagett.php","meta":{"footnotes":""},"class_list":["post-1425","page","type-page","status-publish","has-post-thumbnail","hentry"],"_links":{"self":[{"href":"https:\/\/testtest.dfirma.pl\/index.php\/wp-json\/wp\/v2\/pages\/1425","targetHints":{"allow":["GET"]}}],"collection":[{"href":"https:\/\/testtest.dfirma.pl\/index.php\/wp-json\/wp\/v2\/pages"}],"about":[{"href":"https:\/\/testtest.dfirma.pl\/index.php\/wp-json\/wp\/v2\/types\/page"}],"author":[{"embeddable":true,"href":"https:\/\/testtest.dfirma.pl\/index.php\/wp-json\/wp\/v2\/users\/2"}],"replies":[{"embeddable":true,"href":"https:\/\/testtest.dfirma.pl\/index.php\/wp-json\/wp\/v2\/comments?post=1425"}],"version-history":[{"count":0,"href":"https:\/\/testtest.dfirma.pl\/index.php\/wp-json\/wp\/v2\/pages\/1425\/revisions"}],"wp:featuredmedia":[{"embeddable":true,"href":"https:\/\/testtest.dfirma.pl\/index.php\/wp-json\/wp\/v2\/media\/3641"}],"wp:attachment":[{"href":"https:\/\/testtest.dfirma.pl\/index.php\/wp-json\/wp\/v2\/media?parent=1425"}],"curies":[{"name":"wp","href":"https:\/\/api.w.org\/{rel}","templated":true}]}}