{"id":132,"date":"2021-02-15T17:07:15","date_gmt":"2021-02-15T16:07:15","guid":{"rendered":"https:\/\/e-okulistyka.pl\/gallery\/"},"modified":"2021-02-15T17:07:15","modified_gmt":"2021-02-15T16:07:15","slug":"gallery","status":"publish","type":"page","link":"https:\/\/testtest.dfirma.pl\/index.php\/gallery\/","title":{"rendered":"Galeria"},"content":{"rendered":"<p>[vc_row rsclass=&#8221;clean&#8221;][vc_column rsclass=&#8221;clean&#8221; el_class=&#8221;container&#8221;][vc_custom_heading text=&#8221;Przedstawiamy efekty pracy naszych specjalist\u00f3w. Oto niekt\u00f3re z naszych najlepszych zdj\u0119\u0107 przed i po.&#8221; font_container=&#8221;tag:p|text_align:center&#8221; use_theme_fonts=&#8221;yes&#8221; rs_decor_place=&#8221;1&#8243; rsouter=&#8221;text-center mb-4 tt_pt_34&#8243;][\/vc_custom_heading][\/vc_column][\/vc_row][vc_row rsclass=&#8221;clean&#8221;][vc_column rsclass=&#8221;clean&#8221; el_class=&#8221;container&#8221;][theme_gallery_popover_element gal_type=&#8221;tab_creative&#8221; gal_gutter=&#8221;30&#8243; gal_tabs_titles=&#8221;Okuloplastyka,Za\u0107ma,Iniekcje,&#8221; gal_images=&#8221;2146&#8243; gal_tabs_links=&#8221;2|7,1|5|8,2|3|4,4|6|8,3|7,3|4|7,1|8,2|6&#8243; gal_images_popover=&#8221;2145&#8243;][\/theme_gallery_popover_element][\/vc_column][\/vc_row][vc_row rsclass=&#8221;clean&#8221; el_class=&#8221;section mt-8&#8243;][vc_column rsclass=&#8221;clean&#8221; el_class=&#8221;container&#8221; rsinner=&#8221;banner-call&#8221;][vc_row_inner rsclass=&#8221;clean&#8221; el_class=&#8221;row no-gutters&#8221;][vc_column_inner el_class=&#8221;col-md-7 d-flex align-items-center&#8221; width=&#8221;7\/12&#8243; rsclass=&#8221;clean&#8221; rsinner=&#8221;text-center w-100&#8243;][vc_column_text rsclass=&#8221;clean&#8221;]<\/p>\n<h2 class=\"tt\">Oczekujesz identycznych <span class=\"theme-color\">efekt\u00f3w?<\/span><\/h2>\n<div class=\"h-decor\"><\/div>\n<p>[\/vc_column_text][vc_custom_heading text=&#8221;Zapewniamy zaawansowan\u0105 i zaufan\u0105 opiek\u0119 okulistyczn\u0105 prowadzon\u0105 przez wyspecjalizowany zesp\u00f3\u0142 ekspert\u00f3w w naszej nowoczesnej plac\u00f3wce.&#8221; font_container=&#8221;tag:p|text_align:center&#8221; use_theme_fonts=&#8221;yes&#8221; rs_decor_place=&#8221;2&#8243;][\/vc_custom_heading][vc_column_text rsclass=&#8221;clean&#8221;]<\/p>\n<div class=\"mt-2 mt-lg-4\"><a class=\"banner-call-phone\" href=\"#\">[medin_icon icon=&#8221;icon-telephone-1&#8243;]601-360-361 Rejestracja zabiegowa 9:00-12:00<\/a><\/div>\n<p>[\/vc_column_text][\/vc_column_inner][vc_column_inner el_class=&#8221;col-md-5 col-lg-5 mt-3 mt-md-0 text-center text-lg-left&#8221; width=&#8221;5\/12&#8243; rsclass=&#8221;clean&#8221;][vc_single_image image=&#8221;70&#8243; img_size=&#8221;full&#8221; rsclass=&#8221;clean&#8221; rs_image_class=&#8221;img-fluid tt_full_sized shift-right&#8221;][\/vc_single_image][\/vc_column_inner][\/vc_row_inner][\/vc_column][\/vc_row]<\/p>\n","protected":false},"excerpt":{"rendered":"<p>[vc_row rsclass=&#8221;clean&#8221;][vc_column rsclass=&#8221;clean&#8221; el_class=&#8221;container&#8221;][vc_custom_heading text=&#8221;Przedstawiamy efekty pracy naszych specjalist\u00f3w. Oto niekt\u00f3re z naszych najlepszych zdj\u0119\u0107 przed i po.&#8221; font_container=&#8221;tag:p|text_align:center&#8221; use_theme_fonts=&#8221;yes&#8221; rs_decor_place=&#8221;1&#8243; rsouter=&#8221;text-center mb-4 tt_pt_34&#8243;][\/vc_custom_heading][\/vc_column][\/vc_row][vc_row rsclass=&#8221;clean&#8221;][vc_column rsclass=&#8221;clean&#8221; el_class=&#8221;container&#8221;][theme_gallery_popover_element gal_type=&#8221;tab_creative&#8221; gal_gutter=&#8221;30&#8243; gal_tabs_titles=&#8221;Okuloplastyka,Za\u0107ma,Iniekcje,&#8221; gal_images=&#8221;2146&#8243; gal_tabs_links=&#8221;2|7,1|5|8,2|3|4,4|6|8,3|7,3|4|7,1|8,2|6&#8243; gal_images_popover=&#8221;2145&#8243;][\/theme_gallery_popover_element][\/vc_column][\/vc_row][vc_row rsclass=&#8221;clean&#8221; el_class=&#8221;section mt-8&#8243;][vc_column rsclass=&#8221;clean&#8221; el_class=&#8221;container&#8221; rsinner=&#8221;banner-call&#8221;][vc_row_inner rsclass=&#8221;clean&#8221; el_class=&#8221;row no-gutters&#8221;][vc_column_inner el_class=&#8221;col-md-7 d-flex align-items-center&#8221; width=&#8221;7\/12&#8243; rsclass=&#8221;clean&#8221; rsinner=&#8221;text-center w-100&#8243;][vc_column_text rsclass=&#8221;clean&#8221;] Oczekujesz identycznych efekt\u00f3w? [\/vc_column_text][vc_custom_heading text=&#8221;Zapewniamy [&hellip;]<\/p>\n","protected":false},"author":2,"featured_media":0,"parent":0,"menu_order":4,"comment_status":"closed","ping_status":"closed","template":"custompagett.php","meta":{"footnotes":""},"class_list":["post-132","page","type-page","status-publish","hentry"],"_links":{"self":[{"href":"https:\/\/testtest.dfirma.pl\/index.php\/wp-json\/wp\/v2\/pages\/132","targetHints":{"allow":["GET"]}}],"collection":[{"href":"https:\/\/testtest.dfirma.pl\/index.php\/wp-json\/wp\/v2\/pages"}],"about":[{"href":"https:\/\/testtest.dfirma.pl\/index.php\/wp-json\/wp\/v2\/types\/page"}],"author":[{"embeddable":true,"href":"https:\/\/testtest.dfirma.pl\/index.php\/wp-json\/wp\/v2\/users\/2"}],"replies":[{"embeddable":true,"href":"https:\/\/testtest.dfirma.pl\/index.php\/wp-json\/wp\/v2\/comments?post=132"}],"version-history":[{"count":0,"href":"https:\/\/testtest.dfirma.pl\/index.php\/wp-json\/wp\/v2\/pages\/132\/revisions"}],"wp:attachment":[{"href":"https:\/\/testtest.dfirma.pl\/index.php\/wp-json\/wp\/v2\/media?parent=132"}],"curies":[{"name":"wp","href":"https:\/\/api.w.org\/{rel}","templated":true}]}}