{"id":131,"date":"2021-02-15T17:07:15","date_gmt":"2021-02-15T16:07:15","guid":{"rendered":"https:\/\/e-okulistyka.pl\/prices\/"},"modified":"2021-02-15T17:07:15","modified_gmt":"2021-02-15T16:07:15","slug":"operacje-zacmy-bez-kolejki-cennik","status":"publish","type":"page","link":"https:\/\/testtest.dfirma.pl\/index.php\/operacje-zacmy-bez-kolejki-cennik\/","title":{"rendered":"Cennik us\u0142ug medycznych"},"content":{"rendered":"<p>[vc_row rsclass=&#8221;clean&#8221;][vc_column rsclass=&#8221;clean&#8221;][vc_custom_heading text=&#8221;Cennik aktualny na dzie\u0144 8.05.2025&#8243; font_container=&#8221;tag:p|text_align:center&#8221; use_theme_fonts=&#8221;yes&#8221; rs_decor_place=&#8221;1&#8243; rsouter=&#8221;text-center mb-2 tt_pt_34&#8243;][\/vc_custom_heading][\/vc_column][\/vc_row][vc_row rsclass=&#8221;clean&#8221;][vc_column rsclass=&#8221;clean&#8221;][vc_column_text rsclass=&#8221;clean&#8221;]<\/p>\n<div class=\"nav nav-pills justify-content-center mt-4\" role=\"tablist\"><a class=\"nav-link active\" role=\"tab\" href=\"#tab-A\" data-toggle=\"pill\" aria-expanded=\"true\">Operacje za\u0107my<\/a><br \/>\n<a class=\"nav-link\" role=\"tab\" href=\"#tab-B\" data-toggle=\"pill\" aria-expanded=\"false\">Iniekcje doszklistkowe \/ Angiografia<\/a><br \/>\n<a class=\"nav-link\" role=\"tab\" href=\"#tab-C\" data-toggle=\"pill\" aria-expanded=\"false\">Inne zabiegi mikrochirurgiczne<\/a><br \/>\n<a class=\"nav-link\" role=\"tab\" href=\"#tab-D\" data-toggle=\"pill\" aria-expanded=\"false\">Badania oraz wizyty okulistyczne<\/a><br \/>\n<a class=\"nav-link\" role=\"tab\" href=\"#tab-E\" data-toggle=\"pill\" aria-expanded=\"false\">Zabiegi ambulatoryjne oraz drobne zabiegi chirurgiczne<\/a><br \/>\n<a class=\"nav-link\" role=\"tab\" href=\"#tab-F\" data-toggle=\"pill\" aria-expanded=\"false\">Wizyty \/ Zabiegi chirurgi naczy\u0144 i ortopedii<\/a><br \/>\n<a class=\"nav-link\" role=\"tab\" href=\"#tab-G\" data-toggle=\"pill\" aria-expanded=\"false\">Us\u0142ugi lekarskie POZ<\/a><br \/>\n<a class=\"nav-link\" role=\"tab\" href=\"#tab-H\" data-toggle=\"pill\" aria-expanded=\"false\">Gabinet zabiegowy POZ<\/a><br \/>\n<a class=\"nav-link\" role=\"tab\" href=\"#tab-J\" data-toggle=\"pill\" aria-expanded=\"false\">Szczepionki<\/a><br \/>\n<a class=\"nav-link\" role=\"tab\" href=\"#tab-I\" data-toggle=\"pill\" aria-expanded=\"false\">Badania Laboratoryjne LUX MED<\/a><\/div>\n<p>[\/vc_column_text][\/vc_column][\/vc_row][vc_row rsclass=&#8221;clean&#8221; el_id=&#8221;tab-content&#8221; el_class=&#8221;tab-content mt-4&#8243;][vc_column rsclass=&#8221;clean&#8221; el_id=&#8221;tab-A&#8221; el_class=&#8221;tab-pane fade show active&#8221; rsinner=&#8221;table-scroll&#8221;][vc_column_text rsclass=&#8221;clean&#8221; el_class=&#8221;table-wrap&#8221;]<\/p>\n<table class=\"table table-bordered price-table js-fixed-table\">\n<tbody>\n<tr>\n<th class=\"fixed-side\">Us\u0142uga medyczna<\/th>\n<th>Jednostka<\/th>\n<th>Cena (PLN)<\/th>\n<\/tr>\n<tr>\n<td class=\"fixed-side\">Kwalifikacja do zabiegu chirurgi za\u0107my<\/td>\n<td><\/td>\n<td>200<\/td>\n<\/tr>\n<tr>\n<td class=\"fixed-side\"><b>Operacja za\u0107my<\/b> metod\u0105 mini ci\u0119cia 2.2mm. Zalety proponowanej metody operacyjnej: \u015bredni indukowany astygmatyzm pooperacyjny w granicach 0.75 dioptrii cylindrycznej &#8211; nowoczesna metoda chirurgiczna.<\/td>\n<td>za jedno oko<\/td>\n<td>3000<\/td>\n<\/tr>\n<tr>\n<td class=\"fixed-side\"><b>Operacja za\u0107my<\/b> metod\u0105 operacyjn\u0105 o ci\u0119ciu 2.6mm. Wymiana zm\u0119tnia\u0142ej soczewki na sztuczn\u0105 soczewk\u0119 bez korekcji astygmatyzmu i starczowzroczno\u015bci. Implant finansowany przez NFZ nie hamuje w\u0142\u00f3knienia soczewki i nie posiada korekcji aberracji oraz filtr\u00f3w poprawiaj\u0105cych widzenie barwne i kontrast. \u015aredni indukowany astygmatyzm powy\u017cej 1.25 dioptrii cylindrycznych. \/ Operacja za\u0107my bez kolejki Bychawa, Lublin, Tomasz\u00f3w Lubelski<\/td>\n<td>za jedno oko<\/td>\n<td>P\u0142atnik NFZ<\/td>\n<\/tr>\n<tr>\n<td class=\"fixed-side\"><b>Korekcja wad wzroku &#8211; wszczepienie soczewki fakijnej<\/b><\/td>\n<\/tr>\n<tr>\n<td class=\"fixed-side\">Koryguj\u0105ca kr\u00f3tkowzroczno\u015b\u0107<\/td>\n<td><\/td>\n<td>8000<\/td>\n<\/tr>\n<tr>\n<td class=\"fixed-side\">Koryguj\u0105ca kr\u00f3tkowzroczno\u015b\u0107 i astygmatyzm<\/td>\n<td><\/td>\n<td>8800<\/td>\n<\/tr>\n<tr>\n<td class=\"fixed-side\">Koryguj\u0105ca dalekowzroczno\u015b\u0107<\/td>\n<td><\/td>\n<td>8800<\/td>\n<\/tr>\n<tr>\n<td class=\"fixed-side\">Koryguj\u0105ca dalekowzroczno\u015b\u0107 i astygmatyzm<\/td>\n<td><\/td>\n<td>10500<\/td>\n<\/tr>\n<tr>\n<td class=\"fixed-side\"><b>Refrakcyjna wymiana soczewki &#8211; koryguj\u0105cej wady wzroku<\/b><\/td>\n<\/tr>\n<tr>\n<td class=\"fixed-side\">Z implantem EDOF<\/td>\n<td><\/td>\n<td>6500<\/td>\n<\/tr>\n<tr>\n<td class=\"fixed-side\">Z implantem EDOF TORIC<\/td>\n<td><\/td>\n<td>7500<\/td>\n<\/tr>\n<tr>\n<td class=\"fixed-side\">Z implantem MULTIFOCAL<\/td>\n<td><\/td>\n<td>6900<\/td>\n<\/tr>\n<tr>\n<td class=\"fixed-side\">Z implantem MULTIFOCAL TORIC<\/td>\n<td><\/td>\n<td>7900<\/td>\n<\/tr>\n<tr>\n<td class=\"fixed-side\"><b>Kwalifikacja do chirurgii refrakcyjnej<\/b> &#8211; koryguj\u0105cej wady wzroku soczewk\u0105 fakijn\u0105<\/td>\n<td><\/td>\n<td>300<\/td>\n<\/tr>\n<tr>\n<td class=\"fixed-side\">Bezp\u0142atne badanie w kierunku za\u0107my &#8211; bez skierowania<\/td>\n<td><\/td>\n<td>P\u0142atnik NFZ<\/td>\n<\/tr>\n<tr>\n<td class=\"fixed-side\">Wizyty kontrolne (do 2 tygodni po zabiegu za\u0107my)<\/td>\n<td><\/td>\n<td>P\u0142atnik NFZ<\/td>\n<\/tr>\n<\/tbody>\n<\/table>\n<p>[\/vc_column_text][\/vc_column][vc_column rsclass=&#8221;clean&#8221; el_id=&#8221;tab-B&#8221; rsinner=&#8221;table-scroll&#8221; el_class=&#8221;tab-pane fade&#8221;][vc_column_text rsclass=&#8221;clean&#8221; el_class=&#8221;table-wrap&#8221;]<\/p>\n<table class=\"table table-bordered price-table js-fixed-table\">\n<tbody>\n<tr>\n<th class=\"fixed-side\">Us\u0142uga medyczna<\/th>\n<th>Jednostka<\/th>\n<th>Cena (PLN)<\/th>\n<\/tr>\n<tr>\n<td class=\"fixed-side\">Kwalifikacja do iniekcji doszklistkowej<\/td>\n<td><\/td>\n<td>1000<\/td>\n<\/tr>\n<tr>\n<td class=\"fixed-side\">Iniekcja doszklistkowa EYLEA<\/td>\n<td><\/td>\n<td>1000<\/td>\n<\/tr>\n<tr>\n<td class=\"fixed-side\">Iniekcja doszklistkowa AVASTIN<\/td>\n<td><\/td>\n<td>500<\/td>\n<\/tr>\n<tr>\n<td class=\"fixed-side\">Iniekcja doszklistkowa VABYSMO<\/td>\n<td><\/td>\n<td>2000<\/td>\n<\/tr>\n<tr>\n<td class=\"fixed-side\">Iniekcja doszklistkowa TRAMCINOLON<\/td>\n<td><\/td>\n<td>900<\/td>\n<\/tr>\n<tr>\n<td class=\"fixed-side\">Angiografia Fluoresceinowa<\/td>\n<td><\/td>\n<td>220<\/td>\n<\/tr>\n<tr>\n<td class=\"fixed-side\">Angiografia + OCT (Angio OCT)<\/td>\n<td><\/td>\n<td>300<\/td>\n<\/tr>\n<\/tbody>\n<\/table>\n<p><span style=\"color: #ffffff;\">operacje za\u0107my bez kolejki Bychawa<\/span><\/p>\n<p>&nbsp;<\/p>\n<p>[\/vc_column_text][\/vc_column][vc_column rsclass=&#8221;clean&#8221; el_id=&#8221;tab-C&#8221; el_class=&#8221;tab-pane fade&#8221; rsinner=&#8221;table-scroll&#8221;][vc_column_text rsclass=&#8221;clean&#8221; el_class=&#8221;table-wrap&#8221;]<\/p>\n<table class=\"table table-bordered price-table js-fixed-table\">\n<tbody>\n<tr>\n<th class=\"fixed-side\">Us\u0142uga medyczna<\/th>\n<th>Jednostka<\/th>\n<th>Cena (PLN)<\/th>\n<\/tr>\n<tr>\n<td class=\"fixed-side\">Kwalifikacja do zabiegu witrektomii<\/td>\n<td><\/td>\n<td>200<\/td>\n<\/tr>\n<tr>\n<td class=\"fixed-side\">Witrektomia<\/td>\n<td><\/td>\n<td>5200<\/td>\n<\/tr>\n<tr>\n<td class=\"fixed-side\">Witrektomia z u\u017cyciem oleju silikonowego i dekaliny<\/td>\n<td><\/td>\n<td>6600<\/td>\n<\/tr>\n<\/tbody>\n<\/table>\n<p>[\/vc_column_text][\/vc_column][vc_column rsclass=&#8221;clean&#8221; el_id=&#8221;tab-D&#8221; el_class=&#8221;tab-pane fade&#8221; rsinner=&#8221;table-scroll&#8221;][vc_column_text rsclass=&#8221;clean&#8221; el_class=&#8221;table-wrap&#8221;]<\/p>\n<table class=\"table table-bordered price-table js-fixed-table\">\n<tbody>\n<tr>\n<th class=\"fixed-side\">Us\u0142uga medyczna<\/th>\n<th>Jednostka<\/th>\n<th>Cena (PLN)<\/th>\n<\/tr>\n<tr>\n<td class=\"fixed-side\">Wizyta specjalistyczna u okulisty<\/td>\n<td><\/td>\n<td>od 200<\/td>\n<\/tr>\n<tr>\n<td class=\"fixed-side\">Usuni\u0119cie cia\u0142a obcego<\/td>\n<td><\/td>\n<td>300<\/td>\n<\/tr>\n<tr>\n<td class=\"fixed-side\">Laser YAG Kapsulotomia<\/td>\n<td>jeden zabieg<\/td>\n<td>800<\/td>\n<\/tr>\n<tr>\n<td class=\"fixed-side\">Laser SLT trabekuloplastyka laserowa<\/td>\n<td>jeden zabieg<\/td>\n<td>800<\/td>\n<\/tr>\n<tr>\n<td class=\"fixed-side\">Laser cukrzycowy &#8222;zielony&#8221;<\/td>\n<td>jeden zabieg<\/td>\n<td>800<\/td>\n<\/tr>\n<tr>\n<td class=\"fixed-side\">Mikropulsy &#8222;\u017c\u00f3\u0142ty&#8221;<\/td>\n<td>jeden zabieg<\/td>\n<td>800<\/td>\n<\/tr>\n<tr>\n<td class=\"fixed-side\">Laserowy zabieg zmiany naczyni\u00f3wki\/siatk\u00f3wki<\/td>\n<td>jeden zabieg<\/td>\n<td>800<\/td>\n<\/tr>\n<tr>\n<td class=\"fixed-side\">Badanie &#8211; pole widzenia<\/td>\n<td><\/td>\n<td>200<\/td>\n<\/tr>\n<tr>\n<td class=\"fixed-side\">Badanie &#8211; pe\u0142ne badanie refrakcji do dali i bli\u017cy<\/td>\n<td><\/td>\n<td>70<\/td>\n<\/tr>\n<tr>\n<td class=\"fixed-side\">Badanie &#8211; pe\u0142ne badanie dna oka<\/td>\n<td><\/td>\n<td>70<\/td>\n<\/tr>\n<tr>\n<td class=\"fixed-side\">Badanie &#8211; ci\u015bnienie \u015br\u00f3dga\u0142kowe (Goldman, Pascal)<\/td>\n<td><\/td>\n<td>30<\/td>\n<\/tr>\n<tr>\n<td class=\"fixed-side\">Badanie &#8211; biometria USG ga\u0142ki ocznej z kalkulacja soczewki<\/td>\n<td><\/td>\n<td>80<\/td>\n<\/tr>\n<tr>\n<td class=\"fixed-side\">Badanie &#8211; OCT przedniego odcinka oka lub siatk\u00f3wki<\/td>\n<td><\/td>\n<td>400<\/td>\n<\/tr>\n<tr>\n<td class=\"fixed-side\">Badanie &#8211; HRT siatk\u00f3wki<\/td>\n<td><\/td>\n<td>100<\/td>\n<\/tr>\n<tr>\n<td class=\"fixed-side\">Badanie &#8211; GDx siatk\u00f3wki<\/td>\n<td><\/td>\n<td>100<\/td>\n<\/tr>\n<tr>\n<td class=\"fixed-side\">Badanie &#8211; OCT+ HRT+ GDx siatk\u00f3wki<\/td>\n<td><\/td>\n<td>200<\/td>\n<\/tr>\n<\/tbody>\n<\/table>\n<p><span style=\"color: #ffffff;\">operacje za\u0107my bez kolejki Bychawa<\/span><br \/>\n[\/vc_column_text][\/vc_column][vc_column rsclass=&#8221;clean&#8221; el_id=&#8221;tab-E&#8221; el_class=&#8221;tab-pane fade&#8221; rsinner=&#8221;table-scroll&#8221;][vc_column_text rsclass=&#8221;clean&#8221; el_class=&#8221;table-wrap&#8221;]<\/p>\n<table class=\"table table-bordered price-table js-fixed-table\">\n<tbody>\n<tr>\n<th class=\"fixed-side\">Us\u0142uga medyczna<\/th>\n<th>Jednostka<\/th>\n<th>Cena (PLN)<\/th>\n<\/tr>\n<tr>\n<td class=\"fixed-side\">Kwalifikacja do zabiegu na aparacie ochronnym oka<\/td>\n<td><\/td>\n<td>150<\/td>\n<\/tr>\n<tr>\n<td class=\"fixed-side\">Operacja opadaj\u0105cej powieki<\/td>\n<td>za jedn\u0105 powiek\u0119<\/td>\n<td>2500<\/td>\n<\/tr>\n<tr>\n<td class=\"fixed-side\">Operacja nadmiaru sk\u00f3ry powiekowej (fa\u0142d sk\u00f3ry)<\/td>\n<td>za jedn\u0105 powiek\u0119 g\u00f3rn\u0105<\/td>\n<td>2000<\/td>\n<\/tr>\n<tr>\n<td class=\"fixed-side\">Operacja nadmiaru sk\u00f3ry powiekowej (fa\u0142d sk\u00f3ry)<\/td>\n<td>za dwie powieki g\u00f3rne w czasie jednego zabiegu<\/td>\n<td>4000<\/td>\n<\/tr>\n<tr>\n<td class=\"fixed-side\">Operacja nadmiaru sk\u00f3ry powiekowej (fa\u0142d sk\u00f3ry)<\/td>\n<td>za jedn\u0105 powiek\u0119 doln\u0105<\/td>\n<td>2500<\/td>\n<\/tr>\n<tr>\n<td class=\"fixed-side\">Operacja nadmiaru sk\u00f3ry powiekowej (fa\u0142d sk\u00f3ry)<\/td>\n<td>za dwie powieki dolne w czasie jednego zabiegu<\/td>\n<td>5000<\/td>\n<\/tr>\n<tr>\n<td class=\"fixed-side\">Operacja odwini\u0119tej \/ podwini\u0119tej powieki (ektropion \/ entropion)<\/td>\n<td><\/td>\n<td>3500<\/td>\n<\/tr>\n<tr>\n<td class=\"fixed-side\">Wyci\u0119cie brodawki<\/td>\n<td><\/td>\n<td>od 350<\/td>\n<\/tr>\n<tr>\n<td class=\"fixed-side\">Wyci\u0119cie grad\u00f3wki<\/td>\n<td><\/td>\n<td>od 300<\/td>\n<\/tr>\n<tr>\n<td class=\"fixed-side\">Wyci\u0119cie du\u017cej zmiany powieki niepe\u0142nej grubo\u015bci<\/td>\n<td><\/td>\n<td>500<\/td>\n<\/tr>\n<tr>\n<td class=\"fixed-side\">Wyci\u0119cie du\u017cej zmiany powieki pe\u0142nej grubo\u015bci<\/td>\n<td><\/td>\n<td>800<\/td>\n<\/tr>\n<tr>\n<td class=\"fixed-side\">Badanie histopatologiczne<\/td>\n<td><\/td>\n<td>50<\/td>\n<\/tr>\n<tr>\n<td class=\"fixed-side\">Sondowanie przewodu nosowo-\u0142zowego<\/td>\n<td><\/td>\n<td>200<\/td>\n<\/tr>\n<tr>\n<td class=\"fixed-side\">Zamkni\u0119cie punkt\u00f3w \u0142zowych<\/td>\n<td>jedno oko<\/td>\n<td>150<\/td>\n<\/tr>\n<tr>\n<td class=\"fixed-side\">Zamkni\u0119cie punkt\u00f3w \u0142zowych typu plug-in<\/td>\n<td>jeden punkt<\/td>\n<td>300<\/td>\n<\/tr>\n<tr>\n<td class=\"fixed-side\">Wyci\u0119cie zmiany ze spoj\u00f3wki<\/td>\n<td><\/td>\n<td>500<\/td>\n<\/tr>\n<tr>\n<td class=\"fixed-side\">Operacja cysty spoj\u00f3wki<\/td>\n<td><\/td>\n<td>1000<\/td>\n<\/tr>\n<tr>\n<td class=\"fixed-side\">Zniszczenie zmiany na spoj\u00f3wce<\/td>\n<td><\/td>\n<td>500<\/td>\n<\/tr>\n<tr>\n<td class=\"fixed-side\">Operacja k\u0119pek \u017c\u00f3\u0142tych (bez fa\u0142du sk\u00f3ry)<\/td>\n<td><\/td>\n<td>1000<\/td>\n<\/tr>\n<tr>\n<td class=\"fixed-side\">Operacja k\u0119pek \u017c\u00f3\u0142tych (z fa\u0142dem sk\u00f3ry)<\/td>\n<td><\/td>\n<td>2000<\/td>\n<\/tr>\n<tr>\n<td class=\"fixed-side\">Wyci\u0119cie skrzydlika<\/td>\n<td><\/td>\n<td>800<\/td>\n<\/tr>\n<tr>\n<td class=\"fixed-side\">Prosak<\/td>\n<td><\/td>\n<td>500<\/td>\n<\/tr>\n<tr>\n<td class=\"fixed-side\">Laseroterapia &#8211; laser Cynosure Cynergy &#8211; paj\u0105czki<\/td>\n<td><\/td>\n<td>od 800<\/td>\n<\/tr>\n<tr>\n<td class=\"fixed-side\">Laseroterapia &#8211; laser Cynosure Cynergy &#8211; malformacja kapilarna<\/td>\n<td>bez znieczulenia<\/td>\n<td>1500 &#8211; 2000<\/td>\n<\/tr>\n<tr>\n<td class=\"fixed-side\">Laseroterapia &#8211; laser Cynosure Cynergy &#8211; malformacja kapilarna<\/td>\n<td>znieczulenie og\u00f3lne<\/td>\n<td>3200<\/td>\n<\/tr>\n<\/tbody>\n<\/table>\n<p>[\/vc_column_text][\/vc_column][vc_column rsclass=&#8221;clean&#8221; el_id=&#8221;tab-F&#8221; rsinner=&#8221;table-scroll&#8221; el_class=&#8221;tab-pane fade&#8221;][vc_column_text rsclass=&#8221;clean&#8221; el_class=&#8221;table-wrap&#8221;]<\/p>\n<table class=\"table table-bordered price-table js-fixed-table\">\n<tbody>\n<tr>\n<th class=\"fixed-side\">Us\u0142uga medyczna<\/th>\n<th>Jednostka<\/th>\n<th>Cena (PLN)<\/th>\n<\/tr>\n<tr>\n<td class=\"fixed-side\">Wizyta specjalistyczna u chirurga naczyniowego<\/td>\n<td><\/td>\n<td>250<\/td>\n<\/tr>\n<tr>\n<td class=\"fixed-side\">Wizyta specjalistyczna z badaniem USG x1 nogi (Doppler) u chirurga naczyniowego<\/td>\n<td><\/td>\n<td>450<\/td>\n<\/tr>\n<tr>\n<td class=\"fixed-side\">Wizyta specjalistyczna z badaniem USG x2 n\u00f3g (Doppler) u chirurga naczyniowego<\/td>\n<td><\/td>\n<td>550<\/td>\n<\/tr>\n<tr>\n<td class=\"fixed-side\">Badanie USG x1 nogi (Doppler) u chirurga naczyniowego (bez wizyty)<\/td>\n<td><\/td>\n<td>250<\/td>\n<\/tr>\n<tr>\n<td class=\"fixed-side\">Badanie USG x2 n\u00f3g (Doppler) u chirurga naczyniowego (bez wizyty)<\/td>\n<td><\/td>\n<td>400<\/td>\n<\/tr>\n<tr>\n<td class=\"fixed-side\">Laserowe usuwanie paj\u0105czk\u00f3w x1 nogi, leczenie szpitalne<\/td>\n<td><\/td>\n<td>1200<\/td>\n<\/tr>\n<tr>\n<td class=\"fixed-side\">Laserowe usuwanie paj\u0105czk\u00f3w x2 n\u00f3g, leczenie szpitalne<\/td>\n<td><\/td>\n<td>1600<\/td>\n<\/tr>\n<tr>\n<td class=\"fixed-side\">Kwalifikacja do zabiegu usuni\u0119cia \u017cylak\u00f3w z badaniem USG (Doppler) u chirurga naczyniowego<\/td>\n<td><\/td>\n<td>od 400<\/td>\n<\/tr>\n<tr>\n<td class=\"fixed-side\">Wizyta specjalistyczna u ortopedy<\/td>\n<td><\/td>\n<td>250<\/td>\n<\/tr>\n<tr>\n<td class=\"fixed-side\">Kwalifikacja do zabiegu z zakresu ortopedii z badaniem laboratoryjnym<\/td>\n<td><\/td>\n<td>200<\/td>\n<\/tr>\n<tr>\n<td class=\"fixed-side\">Kwalifikacja anestezjologiczna do zabiegu operacyjnego &#8211; dotyczy Ortopedii i Chirurgi Naczyniowej (po kwalifikacji do zabiegu)<\/td>\n<td><\/td>\n<td>120<\/td>\n<\/tr>\n<tr>\n<td class=\"fixed-side\">Operacja \u017cylak\u00f3w &#8211; metod\u0105 laserow\u0105 (EVLT) i klasyczn\u0105, znieczulenie og\u00f3lne<\/td>\n<td>jedna noga<\/td>\n<td>od 3000<\/td>\n<\/tr>\n<tr>\n<td class=\"fixed-side\">Operacja \u017cylak\u00f3w &#8211; metod\u0105 laserow\u0105 (EVLT) i klasyczn\u0105, znieczulenie og\u00f3lne<\/td>\n<td>dwie nogi<\/td>\n<td>od 5000<\/td>\n<\/tr>\n<tr>\n<td class=\"fixed-side\">Obliteracja<\/td>\n<td><\/td>\n<td>300 &#8211; 1000<\/td>\n<\/tr>\n<tr>\n<td class=\"fixed-side\">Operacja halluks\u00f3w<\/td>\n<td>znieczulenie og\u00f3lne<\/td>\n<td>od 2500<\/td>\n<\/tr>\n<tr>\n<td class=\"fixed-side\">Operacja cie\u015bnii nagdarstka<\/td>\n<td>znieczulenie og\u00f3lne<\/td>\n<td>od 2000<\/td>\n<\/tr>\n<tr>\n<td class=\"fixed-side\">Operacja w Chorobie Dupuitrena<\/td>\n<td><\/td>\n<td>od 2000<\/td>\n<\/tr>\n<tr>\n<td class=\"fixed-side\">Znieczulenie og\u00f3lne<\/td>\n<td>op\u0142ata dodatkowa do ceny operacji<\/td>\n<td>500 &#8211; 1000<\/td>\n<\/tr>\n<tr>\n<td class=\"fixed-side\">Wizyta kontrolna po zabiegu &#8211; do tygodnia po zabiegu<\/td>\n<td><\/td>\n<td>bezp\u0142atnie<\/td>\n<\/tr>\n<\/tbody>\n<\/table>\n<p><span style=\"color: #ffffff;\">operacje za\u0107my bez kolejki Bychawa<\/span><\/p>\n<p>&nbsp;<\/p>\n<p>[\/vc_column_text][vc_empty_space][vc_column_text]**W ramach wizyty specjalistycznej i kwalifikacji u chirurga, wszystkie niezb\u0119dne badania s\u0105 wykonywane bezp\u0142atnie.<br \/>\n[\/vc_column_text][\/vc_column][vc_column el_id=&#8221;tab-G&#8221; el_class=&#8221;tab-pane fade&#8221; rsclass=&#8221;clean&#8221; rsinner=&#8221;table-scroll&#8221;][vc_column_text rsclass=&#8221;clean&#8221; el_class=&#8221;table-wrap&#8221;]<\/p>\n<table class=\"table table-bordered price-table js-fixed-table\">\n<tbody>\n<tr>\n<th class=\"fixed-side\">Us\u0142uga lekarska<\/th>\n<th>Jednostka<\/th>\n<th>Cena (PLN)<\/th>\n<\/tr>\n<tr>\n<td class=\"fixed-side\">Wizyta prywatna lek. POZ<\/td>\n<td><\/td>\n<td>200<\/td>\n<\/tr>\n<tr>\n<td class=\"fixed-side\">Prywatna recepta<\/td>\n<td><\/td>\n<td>80<\/td>\n<\/tr>\n<tr>\n<td class=\"fixed-side\">Za\u015bwiadczenie lekarskie (poza finansowaniem z NFZ)<\/td>\n<td><\/td>\n<td>50<\/td>\n<\/tr>\n<tr>\n<td class=\"fixed-side\">Wizyta domowa lek. POZ<\/td>\n<td><\/td>\n<td>140<\/td>\n<\/tr>\n<tr>\n<td class=\"fixed-side\">Kwalifikacja do szczepie\u0144<\/td>\n<td><\/td>\n<td>50<\/td>\n<\/tr>\n<tr>\n<td class=\"fixed-side\">Za\u015bwiadczenie lekarskie<\/td>\n<td><\/td>\n<td>70<\/td>\n<\/tr>\n<tr>\n<td class=\"fixed-side\">Wizyta prywatna dr Sidorowska<\/td>\n<td><\/td>\n<td>350<\/td>\n<\/tr>\n<tr>\n<td class=\"fixed-side\">Wizyta prywatna &#8211; diabetolog<\/td>\n<td><\/td>\n<td>250<\/td>\n<\/tr>\n<tr>\n<td class=\"fixed-side\">Wizyta prywatna &#8211; dietetyk<\/td>\n<td><\/td>\n<td>250<\/td>\n<\/tr>\n<tr>\n<td class=\"fixed-side\">Wizyta prywatna &#8211; endokrynolog<\/td>\n<td><\/td>\n<td>250<\/td>\n<\/tr>\n<tr>\n<td class=\"fixed-side\">Wizyta prywatna &#8211; urolog<\/td>\n<td><\/td>\n<td>100<\/td>\n<\/tr>\n<tr>\n<td class=\"fixed-side\">Wizyta prywatna &#8211; reumatolog<\/td>\n<td><\/td>\n<td>150<\/td>\n<\/tr>\n<tr>\n<td class=\"fixed-side\">Wizyta prywatna &#8211; kardiolog<\/td>\n<td><\/td>\n<td>250<\/td>\n<\/tr>\n<tr>\n<td class=\"fixed-side\">Badanie echokardiografia serca<\/td>\n<td><\/td>\n<td>200<\/td>\n<\/tr>\n<tr>\n<td class=\"fixed-side\">Wizyta prywatna &#8211; kardiolog + badanie echokardiografia serca<\/td>\n<td><\/td>\n<td>400<\/td>\n<\/tr>\n<tr>\n<td class=\"fixed-side\">USG reumatologiczne<\/td>\n<td><\/td>\n<td>150<\/td>\n<\/tr>\n<tr>\n<td class=\"fixed-side\">USG jamy brzusznej<\/td>\n<td><\/td>\n<td>200<\/td>\n<\/tr>\n<tr>\n<td class=\"fixed-side\">USG tarczycy<\/td>\n<td><\/td>\n<td>200<\/td>\n<\/tr>\n<tr>\n<td class=\"fixed-side\">Holter EKG \/ Holter RR<\/td>\n<td><\/td>\n<td>200<\/td>\n<\/tr>\n<\/tbody>\n<\/table>\n<p>[\/vc_column_text][\/vc_column][vc_column el_id=&#8221;tab-H&#8221; el_class=&#8221;tab-pane fade&#8221; rsclass=&#8221;clean&#8221; rsinner=&#8221;table-scroll&#8221;][vc_column_text rsclass=&#8221;clean&#8221; el_class=&#8221;table-wrap&#8221;]<\/p>\n<table class=\"table table-bordered price-table js-fixed-table\">\n<tbody>\n<tr>\n<th class=\"fixed-side\">Us\u0142uga medyczna<\/th>\n<th>Jednostka<\/th>\n<th>Cena (PLN)<\/th>\n<\/tr>\n<tr>\n<td class=\"fixed-side\">Iniekcja (zastrzyk) podsk\u00f3rny<\/td>\n<td><\/td>\n<td>15*<\/td>\n<\/tr>\n<tr>\n<td class=\"fixed-side\">Iniekcja (zastrzyk) domi\u0119\u015bniowy<\/td>\n<td><\/td>\n<td>15*<\/td>\n<\/tr>\n<tr>\n<td class=\"fixed-side\">Iniekcja (zastrzyk) do\u017cylny<\/td>\n<td><\/td>\n<td>20*<\/td>\n<\/tr>\n<tr>\n<td class=\"fixed-side\">EKG &#8211; bez opisu<\/td>\n<td><\/td>\n<td>20*<\/td>\n<\/tr>\n<tr>\n<td class=\"fixed-side\">Pomiar podstawowych parametr\u00f3w \u017cyciowych (ci\u015bnienie, t\u0119tno, temperatura)<\/td>\n<td><\/td>\n<td>10*<\/td>\n<\/tr>\n<tr>\n<td class=\"fixed-side\">Podanie leku do\u017cylnego 1000ml bez kaniuli<\/td>\n<td><\/td>\n<td>30*<\/td>\n<\/tr>\n<tr>\n<td class=\"fixed-side\">Podanie leku do\u017cylnego 100-500 bez kaniuli<\/td>\n<td><\/td>\n<td>20*<\/td>\n<\/tr>\n<tr>\n<td class=\"fixed-side\">Podanie lek\u00f3w (do oka, do nosa, do ucha, wziewnie)<\/td>\n<td><\/td>\n<td>10*<\/td>\n<\/tr>\n<tr>\n<td class=\"fixed-side\">Za\u0142o\u017cenie venflonu (kaniuli obwodowej)<\/td>\n<td><\/td>\n<td>10*<\/td>\n<\/tr>\n<tr>\n<td class=\"fixed-side\">Usuni\u0119cie wenflonu<\/td>\n<td><\/td>\n<td>10*<\/td>\n<\/tr>\n<tr>\n<td class=\"fixed-side\">Kroplowy wlew do\u017cylny + wenflon (do 1godz.)<\/td>\n<td><\/td>\n<td>35*<\/td>\n<\/tr>\n<tr>\n<td class=\"fixed-side\">Kroplowy wlew do\u017cylny + wenflon (do 2godz.)<\/td>\n<td><\/td>\n<td>70*<\/td>\n<\/tr>\n<tr>\n<td class=\"fixed-side\">Za\u0142o\u017cenie cewnika do p\u0119cherza moczowego<\/td>\n<td><\/td>\n<td>40*<\/td>\n<\/tr>\n<tr>\n<td class=\"fixed-side\">Pobranie moczu przez za cewnikowanie<\/td>\n<td><\/td>\n<td>30*<\/td>\n<\/tr>\n<tr>\n<td class=\"fixed-side\">Wykonanie lewatywy<\/td>\n<td><\/td>\n<td>50*<\/td>\n<\/tr>\n<tr>\n<td class=\"fixed-side\">Zmiana opatrunku<\/td>\n<td><\/td>\n<td>25-50*<\/td>\n<\/tr>\n<tr>\n<td class=\"fixed-side\">Zmiana opatrunku specjalistycznego (np. odle\u017cyna)<\/td>\n<td><\/td>\n<td>40-70*<\/td>\n<\/tr>\n<tr>\n<td class=\"fixed-side\">Pomiar glukozy we krwi<\/td>\n<td><\/td>\n<td>5*<\/td>\n<\/tr>\n<tr>\n<td class=\"fixed-side\">Usuwanie szw\u00f3w z rany<\/td>\n<td><\/td>\n<td>20-40*<\/td>\n<\/tr>\n<tr>\n<td class=\"fixed-side\">P\u0142ukanie ucha<\/td>\n<td><\/td>\n<td>50*<\/td>\n<\/tr>\n<tr>\n<td class=\"fixed-side\">Porada piel\u0119gniarsko \u2013 edukacyjna (do 1 godz.)<\/td>\n<td><\/td>\n<td>50*<\/td>\n<\/tr>\n<tr>\n<td class=\"fixed-side\">Szczepienie<\/td>\n<td><\/td>\n<td>30<\/td>\n<\/tr>\n<\/tbody>\n<\/table>\n<p>[\/vc_column_text][vc_empty_space][vc_column_text]*Do ka\u017cdej us\u0142ugo piel\u0119gniarskiej doliczamy dojazd na terenie Bychawy 15 z\u0142.<br \/>\nPoza granicami Bychawy koszt dojazdu do uzgodnienia.<\/p>\n<p>[\/vc_column_text][\/vc_column][vc_column rsclass=&#8221;clean&#8221; el_id=&#8221;tab-J&#8221; el_class=&#8221;tab-pane fade&#8221; rsinner=&#8221;table-scroll&#8221;][vc_column_text rsclass=&#8221;clean&#8221; el_class=&#8221;table-wrap&#8221;]<\/p>\n<table class=\"table table-bordered price-table js-fixed-table\">\n<tbody>\n<tr>\n<th class=\"fixed-side\">Nazwa szczepionki<\/th>\n<th>Jednostka<\/th>\n<th>Cena (PLN)<\/th>\n<\/tr>\n<tr>\n<td class=\"fixed-side\">Pentaxim<\/td>\n<td><\/td>\n<td>155<\/td>\n<\/tr>\n<tr>\n<td class=\"fixed-side\">Hexacima<\/td>\n<td><\/td>\n<td>200<\/td>\n<\/tr>\n<tr>\n<td class=\"fixed-side\">Nimenrix<\/td>\n<td><\/td>\n<td>210<\/td>\n<\/tr>\n<tr>\n<td class=\"fixed-side\">Bexsero<\/td>\n<td><\/td>\n<td>400<\/td>\n<\/tr>\n<tr>\n<td class=\"fixed-side\">FSME Immun<\/td>\n<td><\/td>\n<td>150<\/td>\n<\/tr>\n<tr>\n<td class=\"fixed-side\">Infanrix Hexa<\/td>\n<td><\/td>\n<td>250<\/td>\n<\/tr>\n<tr>\n<td class=\"fixed-side\">Prevenar 13<\/td>\n<td><\/td>\n<td>275<\/td>\n<\/tr>\n<tr>\n<td class=\"fixed-side\">Boostrix Polio<\/td>\n<td><\/td>\n<td>140<\/td>\n<\/tr>\n<tr>\n<td class=\"fixed-side\">Varilix<\/td>\n<td><\/td>\n<td>250<\/td>\n<\/tr>\n<\/tbody>\n<\/table>\n<p>[\/vc_column_text][\/vc_column][vc_column rsclass=&#8221;clean&#8221; el_id=&#8221;tab-I&#8221; el_class=&#8221;tab-pane fade&#8221; rsinner=&#8221;table-scroll&#8221;][vc_row_inner][vc_column_inner width=&#8221;2\/3&#8243;][vc_column_text]Badania laboratoryjne LUXMED wykonywane s\u0105 komercyjnie. Obowi\u0105zuje oficjalny cennik LUXMED. Kliknij w przycisk Cennik &#8211; <em>pojawi si\u0119 dodatkowe okno z cennikiem.<\/em><\/p>\n<p>[\/vc_column_text][\/vc_column_inner][vc_column_inner width=&#8221;1\/3&#8243;][vc_btn title=&#8221;Cennik&#8221; color=&#8221;primary&#8221; css_animation=&#8221;bounceInUp&#8221; link=&#8221;url:https%3A%2F%2Fluxmedlublin.pl%2Fdla_pacjenta%2F2%2C18%2C153%2Cstrona%2Cbadania-i-zabiegi%2Claboratorium%2Cgrupy-badan|target:_blank&#8221;][\/vc_column_inner][\/vc_row_inner][\/vc_column][\/vc_row][vc_row][vc_column][vc_column_text]<\/p>\n<p style=\"text-align: center;\">Zapraszamy do zapoznania si\u0119 z zakresem \u015bwiadczonych us\u0142ug przez poradnie psychologiczne dla dzieci &gt; <a href=\"https:\/\/e-okulistyka.pl\/psycholog-bychawa-lublin\/\">kliknij tutaj.<\/a><\/p>\n<p>[\/vc_column_text][\/vc_column][\/vc_row]<\/p>\n","protected":false},"excerpt":{"rendered":"<p>[vc_row rsclass=&#8221;clean&#8221;][vc_column rsclass=&#8221;clean&#8221;][vc_custom_heading text=&#8221;Cennik aktualny na dzie\u0144 8.05.2025&#8243; font_container=&#8221;tag:p|text_align:center&#8221; use_theme_fonts=&#8221;yes&#8221; rs_decor_place=&#8221;1&#8243; rsouter=&#8221;text-center mb-2 tt_pt_34&#8243;][\/vc_custom_heading][\/vc_column][\/vc_row][vc_row rsclass=&#8221;clean&#8221;][vc_column rsclass=&#8221;clean&#8221;][vc_column_text rsclass=&#8221;clean&#8221;] Operacje za\u0107my Iniekcje doszklistkowe \/ Angiografia Inne zabiegi mikrochirurgiczne Badania oraz wizyty okulistyczne Zabiegi ambulatoryjne oraz drobne zabiegi chirurgiczne Wizyty \/ Zabiegi chirurgi naczy\u0144 i ortopedii Us\u0142ugi lekarskie POZ Gabinet zabiegowy POZ Szczepionki Badania Laboratoryjne LUX MED [\/vc_column_text][\/vc_column][\/vc_row][vc_row [&hellip;]<\/p>\n","protected":false},"author":2,"featured_media":3624,"parent":0,"menu_order":3,"comment_status":"closed","ping_status":"closed","template":"custompagett.php","meta":{"footnotes":""},"class_list":["post-131","page","type-page","status-publish","has-post-thumbnail","hentry"],"_links":{"self":[{"href":"https:\/\/testtest.dfirma.pl\/index.php\/wp-json\/wp\/v2\/pages\/131","targetHints":{"allow":["GET"]}}],"collection":[{"href":"https:\/\/testtest.dfirma.pl\/index.php\/wp-json\/wp\/v2\/pages"}],"about":[{"href":"https:\/\/testtest.dfirma.pl\/index.php\/wp-json\/wp\/v2\/types\/page"}],"author":[{"embeddable":true,"href":"https:\/\/testtest.dfirma.pl\/index.php\/wp-json\/wp\/v2\/users\/2"}],"replies":[{"embeddable":true,"href":"https:\/\/testtest.dfirma.pl\/index.php\/wp-json\/wp\/v2\/comments?post=131"}],"version-history":[{"count":0,"href":"https:\/\/testtest.dfirma.pl\/index.php\/wp-json\/wp\/v2\/pages\/131\/revisions"}],"wp:featuredmedia":[{"embeddable":true,"href":"https:\/\/testtest.dfirma.pl\/index.php\/wp-json\/wp\/v2\/media\/3624"}],"wp:attachment":[{"href":"https:\/\/testtest.dfirma.pl\/index.php\/wp-json\/wp\/v2\/media?parent=131"}],"curies":[{"name":"wp","href":"https:\/\/api.w.org\/{rel}","templated":true}]}}