{"id":128,"date":"2021-02-15T17:07:15","date_gmt":"2021-02-15T16:07:15","guid":{"rendered":"https:\/\/e-okulistyka.pl\/about\/"},"modified":"2021-02-15T17:07:15","modified_gmt":"2021-02-15T16:07:15","slug":"onas","status":"publish","type":"page","link":"https:\/\/testtest.dfirma.pl\/index.php\/onas\/","title":{"rendered":"O nas"},"content":{"rendered":"<p>[vc_row rsclass=&#8221;clean&#8221; el_class=&#8221;container&#8221;][vc_column rsclass=&#8221;clean&#8221;][vc_row_inner rsclass=&#8221;clean&#8221; el_class=&#8221;row&#8221;][vc_column_inner el_class=&#8221;col-lg-6 text-center text-lg-left pr-md-4&#8243; width=&#8221;1\/2&#8243; rsclass=&#8221;clean&#8221;][\/vc_column_inner][vc_column_inner el_class=&#8221;col-lg-6 mt-3 mt-lg-0&#8243; width=&#8221;1\/2&#8243; rsclass=&#8221;clean&#8221; rsinner=&#8221;ch_pr_45&#8243;][vc_column_text rsclass=&#8221;clean&#8221;]<\/p>\n<p class=\"ch\"><strong>OKULISTYKA S.C.<\/strong> to sie\u0107 3 szpitali i 7 przychodni specjalistycznych dzia\u0142aj\u0105cych ju\u017c ponad 8 lat w wojew\u00f3dztwie lubelskim.<br \/>\nOd pocz\u0105tku nasz\u0105 wizyt\u00f3wk\u0105 by\u0142a innowacyjno\u015b\u0107, jako\u015b\u0107 i profesjonalizm zapewniaj\u0105c wyspecjalizowane us\u0142ugi medyczne.<\/p>\n<p class=\"ch\">Jako\u015b\u0107 naszych us\u0142ug potwierdzi\u0142 T\u00dcV Rheinland przyznaj\u0105c nam cztery certyfikaty w ramach zintegrowanego sytemu zarz\u0105dzania:<\/p>\n<ul class=\"marker-list-md\">\n<li>[medin_icon icon=&#8221;icon-check-mark-1&#8243;]ISO 9001:2015<\/li>\n<li>[medin_icon icon=&#8221;icon-check-mark-1&#8243;]PN-N-18001:2004<\/li>\n<li>[medin_icon icon=&#8221;icon-check-mark-1&#8243;]PN-EN ISO 14001:2015<\/li>\n<li>[medin_icon icon=&#8221;icon-check-mark-1&#8243;]ISO 27001:2013<\/li>\n<\/ul>\n<div class=\"mt-3\"><\/div>\n<h3>Idea<span class=\"theme-color\">Statement<\/span><\/h3>\n<div class=\"mt-0 mt-md-4\"><\/div>\n<p class=\"ch\">Uda\u0142o si\u0119 nam stworzy\u0107 zesp\u00f3\u0142 najlepszych specjalist\u00f3w z wielu dziedzin medycyny. Idea, jaka Nam przy\u015bwieca\u0142a, by\u0142o otoczenie pacjenta kompleksow\u0105 opiek\u0105 na najwy\u017cszym \u015bwiatowym poziomie i tym si\u0119 kierowali\u015bmy przy doborze wsp\u00f3\u0142pracownik\u00f3w.<\/p>\n<p>&nbsp;<\/p>\n<p class=\"ch\">Posiadamy nowoczesny specjalistyczny sprz\u0119t terapeutyczno &#8211; diagnostyczny.<\/p>\n<p class=\"ch\">Nasza specjalno\u015bci\u0105 jest okulistyka, chirurgia naczyniowa, laseroterapia malformacji naczyniowych, chirurgia og\u00f3lna, ortopedia, ginekologia, urologia oraz laryngologia. Oferujemy r\u00f3wnie\u017c us\u0142ugi z zakresu Podstawowej Opieki Zdrowotnej jak i Psychologii dla os\u00f3b doros\u0142ych oraz dzieci.<\/p>\n<p>&nbsp;<\/p>\n<p>[\/vc_column_text][\/vc_column_inner][\/vc_row_inner][\/vc_column][\/vc_row][vc_row rsclass=&#8221;clean&#8221; el_class=&#8221;section&#8221;][vc_column rsclass=&#8221;clean&#8221; el_class=&#8221;container-fluid px-0&#8243;][vc_row_inner rsclass=&#8221;clean&#8221; el_class=&#8221;row no-gutters&#8221;][vc_column_inner el_class=&#8221;col-lg-6 bg-grey&#8221; width=&#8221;1\/2&#8243; rsclass=&#8221;clean&#8221; rsinner=&#8221;max-670 mx-lg-auto px-15&#8243;][vc_column_text rsclass=&#8221;clean&#8221;]<\/p>\n<div class=\"title-wrap\">\n<h2 class=\"h1\">Nasze <span class=\"theme-color\">Plusy +++<\/span><\/h2>\n<\/div>\n<div class=\"mt-lg-5\"><\/div>\n<div class=\"row\">\n<div class=\"col-sm-6\">\n<ul class=\"marker-list-md\">\n<li>[medin_icon icon=&#8221;icon-check-mark-1&#8243;]Specialists and Dentists as One Team<\/li>\n<li>[medin_icon icon=&#8221;icon-check-mark-1&#8243;]Initial Dental Assessment<\/li>\n<li>[medin_icon icon=&#8221;icon-check-mark-1&#8243;]All Types of Dental Services<\/li>\n<li>[medin_icon icon=&#8221;icon-check-mark-1&#8243;]Safety by Credentials<\/li>\n<li>[medin_icon icon=&#8221;icon-check-mark-1&#8243;]Dental Implant Experience<\/li>\n<li>[medin_icon icon=&#8221;icon-check-mark-1&#8243;]Innovation<\/li>\n<li>[medin_icon icon=&#8221;icon-check-mark-1&#8243;]3D Imaging Center<\/li>\n<\/ul>\n<\/div>\n<div class=\"col-sm-6 mt-2 mt-sm-0\">\n<ul class=\"marker-list-md\">\n<li>[medin_icon icon=&#8221;icon-check-mark-1&#8243;]On-site Laboratory<\/li>\n<li>[medin_icon icon=&#8221;icon-check-mark-1&#8243;]\u201cSame Day\u201d Dentistry<\/li>\n<li>[medin_icon icon=&#8221;icon-check-mark-1&#8243;]\u201cSame Day\u201d Dental Implants<\/li>\n<li>[medin_icon icon=&#8221;icon-check-mark-1&#8243;]Innovative Clinic Design<\/li>\n<li>[medin_icon icon=&#8221;icon-check-mark-1&#8243;]Complimentary Consultations<\/li>\n<li>[medin_icon icon=&#8221;icon-check-mark-1&#8243;]Insurance and Financing<\/li>\n<li>[medin_icon icon=&#8221;icon-check-mark-1&#8243;]Services Cost<\/li>\n<\/ul>\n<\/div>\n<\/div>\n<p>&nbsp;<\/p>\n<p>[\/vc_column_text][\/vc_column_inner][vc_column_inner el_class=&#8221;col-lg-6 banner-left bg-full ch-bg-banner-right&#8221; width=&#8221;1\/2&#8243; rsclass=&#8221;clean&#8221;][\/vc_column_inner][\/vc_row_inner][\/vc_column][\/vc_row][vc_row rsclass=&#8221;clean&#8221; el_class=&#8221;section tt_pt_20&#8243;][vc_column rsclass=&#8221;clean&#8221; el_class=&#8221;container&#8221;][vc_row_inner rsclass=&#8221;clean&#8221;][vc_column_inner el_class=&#8221;title-wrap text-center&#8221; rsclass=&#8221;clean&#8221;][vc_column_text rsclass=&#8221;clean&#8221;]<\/p>\n<div class=\"h-sub theme-color\">Motivation is easy<\/div>\n<p>[\/vc_column_text][vc_custom_heading text=&#8221;Nasz g\u0142\u00f3wne warto\u015bci&#8221; font_container=&#8221;tag:h2|text_align:center&#8221; use_theme_fonts=&#8221;yes&#8221; rs_decor_place=&#8221;2&#8243; el_class=&#8221;h1&#8243;]<\/p>\n<div class=\"h-decor\"><\/div>\n<p>[\/vc_custom_heading][\/vc_column_inner][\/vc_row_inner][vc_row_inner rsclass=&#8221;clean&#8221; el_class=&#8221;row js-icn-carousel icn-carousel flex-column flex-sm-row text-center text-sm-left&#8221;][vc_column_inner el_class=&#8221;col-md&#8221; width=&#8221;1\/3&#8243; rsclass=&#8221;clean&#8221; rsinner=&#8221;icn-text&#8221;][vc_column_text rsclass=&#8221;clean&#8221;][medin_icon icon=&#8221;icon-Innovation&#8221; class=&#8221;icn-text-simple&#8221;]<\/p>\n<div class=\"ch\">\n<h5 class=\"icn-text-title\">Innowacyjno\u015b\u0107<\/h5>\n<p class=\"ch\">Embrace change, encourage invention and continually remain at the forefront of advances in oral health for the good of our patients<\/p>\n<\/div>\n<p>[\/vc_column_text][\/vc_column_inner][vc_column_inner el_class=&#8221;col-md&#8221; width=&#8221;1\/3&#8243; rsclass=&#8221;clean&#8221; rsinner=&#8221;icn-text&#8221;][vc_column_text rsclass=&#8221;clean&#8221;][medin_icon icon=&#8221;icon-Compassion&#8221; class=&#8221;icn-text-simple&#8221;]<\/p>\n<div class=\"tt\">\n<h5 class=\"icn-text-title\">Wsp\u00f3\u0142czucie<\/h5>\n<p class=\"tt\">Demonstrate caring and sensitivity for the diverse backgrounds of our patients and colleagues and generosity in our communities<\/p>\n<\/div>\n<p>[\/vc_column_text][\/vc_column_inner][vc_column_inner el_class=&#8221;col-md&#8221; width=&#8221;1\/3&#8243; rsclass=&#8221;clean&#8221; rsinner=&#8221;icn-text&#8221;][vc_column_text rsclass=&#8221;clean&#8221;][medin_icon icon=&#8221;icon-Integrity&#8221; class=&#8221;icn-text-simple&#8221;]<\/p>\n<div class=\"tt\">\n<h5 class=\"icn-text-title\">Integralno\u015b\u0107<\/h5>\n<p class=\"tt\">Adhere to high ethical and professional standards, demonstrating commitment to our responsibilities with trust, honesty and respect for all<\/p>\n<\/div>\n<p>[\/vc_column_text][\/vc_column_inner][\/vc_row_inner][\/vc_column][\/vc_row][vc_row rsclass=&#8221;clean&#8221; el_class=&#8221;section&#8221;][vc_column rsclass=&#8221;clean&#8221; el_class=&#8221;container-fluid px-0&#8243;][vc_column_text rsclass=&#8221;clean&#8221; el_class=&#8221;banner-center bg-cover block-bg02&#8243;]<\/p>\n<div class=\"banner-center-caption text-center\">\n<div class=\"banner-center-text1\">Get the Smile You`ve Always Wanted!<\/div>\n<div class=\"banner-center-text2\">We strive to provide the highest quality dental treatment at reasonable fees<\/div>\n<div class=\"banner-center-btn\"><a class=\"btn btn-white mt-5\" href=\"#\" data-toggle=\"modal\" data-target=\"#modalBookingForm\">[medin_icon icon=&#8221;icon-right-arrow&#8221;]<span class=\"ch\">Request an Appointment<\/span>[medin_icon icon=&#8221;icon-right-arrow&#8221;]<\/a><\/div>\n<\/div>\n<p>[\/vc_column_text][\/vc_column][\/vc_row][vc_row rsclass=&#8221;clean&#8221; el_class=&#8221;section&#8221;][vc_column rsclass=&#8221;clean&#8221; el_class=&#8221;container&#8221;][vc_row_inner rsclass=&#8221;clean&#8221; el_class=&#8221;row&#8221;][vc_column_inner el_class=&#8221;col-lg-4&#8243; width=&#8221;1\/2&#8243; rsclass=&#8221;clean&#8221;][vc_custom_heading text=&#8221;Our Office&#8221; use_theme_fonts=&#8221;yes&#8221; rs_decor_place=&#8221;2&#8243; el_class=&#8221;h1&#8243; rsouter=&#8221;title-wrap&#8221;]<\/p>\n<div class=\"h-decor\"><\/div>\n<p>[\/vc_custom_heading][vc_column_text rsclass=&#8221;clean&#8221;]<\/p>\n<p class=\"tt\">Our dental office in is a state of the art dental facility equipped with the newest technology, capable of handling all of your dental needs. All of our operatories are equipped with intraoral cameras that are able to show us, and you, the precise treatment you might attain on a television screen.<\/p>\n<p>[\/vc_column_text][vc_custom_heading text=&#8221;Amenities&#8221; font_container=&#8221;tag:h3|text_align:left&#8221; use_theme_fonts=&#8221;yes&#8221; rs_decor_place=&#8221;1&#8243;][\/vc_custom_heading][vc_column_text rsclass=&#8221;clean&#8221;]<\/p>\n<ul class=\"circle-list\">\n<li>[medin_icon icon=&#8221;icon-check-mark-1&#8243;]TV\u2019s in each treatment room<\/li>\n<li>[medin_icon icon=&#8221;icon-check-mark-1&#8243;]Complimentary coffee, Juice<\/li>\n<li>[medin_icon icon=&#8221;icon-check-mark-1&#8243;]Wireless Internet<\/li>\n<li>[medin_icon icon=&#8221;icon-check-mark-1&#8243;]Warm lavender towels<\/li>\n<\/ul>\n<p>[\/vc_column_text][\/vc_column_inner][vc_column_inner el_class=&#8221;col-lg-8 mt-4 mt-lg-0&#8243; width=&#8221;1\/2&#8243; rsclass=&#8221;clean&#8221;][theme_gallery_popover_element gal_type=&#8221;sync&#8221; gal_sync_images=&#8221;28,29,30,31,32,33&#8243; gal_images_thumbs=&#8221;34,35,36,37,38,39&#8243;][\/theme_gallery_popover_element][\/vc_column_inner][\/vc_row_inner][\/vc_column][\/vc_row]<\/p>\n","protected":false},"excerpt":{"rendered":"<p>[vc_row rsclass=&#8221;clean&#8221; el_class=&#8221;container&#8221;][vc_column rsclass=&#8221;clean&#8221;][vc_row_inner rsclass=&#8221;clean&#8221; el_class=&#8221;row&#8221;][vc_column_inner el_class=&#8221;col-lg-6 text-center text-lg-left pr-md-4&#8243; width=&#8221;1\/2&#8243; rsclass=&#8221;clean&#8221;][\/vc_column_inner][vc_column_inner el_class=&#8221;col-lg-6 mt-3 mt-lg-0&#8243; width=&#8221;1\/2&#8243; rsclass=&#8221;clean&#8221; rsinner=&#8221;ch_pr_45&#8243;][vc_column_text rsclass=&#8221;clean&#8221;] OKULISTYKA S.C. to sie\u0107 3 szpitali i 7 przychodni specjalistycznych dzia\u0142aj\u0105cych ju\u017c ponad 8 lat w wojew\u00f3dztwie lubelskim. Od pocz\u0105tku nasz\u0105 wizyt\u00f3wk\u0105 by\u0142a innowacyjno\u015b\u0107, jako\u015b\u0107 i profesjonalizm zapewniaj\u0105c wyspecjalizowane us\u0142ugi medyczne. Jako\u015b\u0107 naszych us\u0142ug potwierdzi\u0142 T\u00dcV [&hellip;]<\/p>\n","protected":false},"author":2,"featured_media":0,"parent":0,"menu_order":0,"comment_status":"closed","ping_status":"closed","template":"custompagett.php","meta":{"footnotes":""},"class_list":["post-128","page","type-page","status-publish","hentry"],"_links":{"self":[{"href":"https:\/\/testtest.dfirma.pl\/index.php\/wp-json\/wp\/v2\/pages\/128","targetHints":{"allow":["GET"]}}],"collection":[{"href":"https:\/\/testtest.dfirma.pl\/index.php\/wp-json\/wp\/v2\/pages"}],"about":[{"href":"https:\/\/testtest.dfirma.pl\/index.php\/wp-json\/wp\/v2\/types\/page"}],"author":[{"embeddable":true,"href":"https:\/\/testtest.dfirma.pl\/index.php\/wp-json\/wp\/v2\/users\/2"}],"replies":[{"embeddable":true,"href":"https:\/\/testtest.dfirma.pl\/index.php\/wp-json\/wp\/v2\/comments?post=128"}],"version-history":[{"count":0,"href":"https:\/\/testtest.dfirma.pl\/index.php\/wp-json\/wp\/v2\/pages\/128\/revisions"}],"wp:attachment":[{"href":"https:\/\/testtest.dfirma.pl\/index.php\/wp-json\/wp\/v2\/media?parent=128"}],"curies":[{"name":"wp","href":"https:\/\/api.w.org\/{rel}","templated":true}]}}