{"id":1183,"date":"2019-01-04T13:45:42","date_gmt":"2019-01-04T12:45:42","guid":{"rendered":"http:\/\/websmirno.site\/wp\/clinic\/demo03\/05-quicklinks-calculator\/"},"modified":"2019-01-04T13:45:42","modified_gmt":"2019-01-04T12:45:42","slug":"05-quicklinks-cennik-mini","status":"publish","type":"page","link":"https:\/\/testtest.dfirma.pl\/index.php\/05-quicklinks-cennik-mini\/","title":{"rendered":"05 QuickLinks &#8211; Cennik"},"content":{"rendered":"<p>[vc_row rsclass=&#8221;clean&#8221;][vc_column rsclass=&#8221;clean&#8221;][vc_custom_heading text=&#8221;Skr\u00f3cony cennik<br \/>\nus\u0142ug komercyjnych&#8221; font_container=&#8221;tag:h5|text_align:left&#8221; use_theme_fonts=&#8221;yes&#8221; rs_decor_place=&#8221;2&#8243; rsicon=&#8221;icon-price-tag-1&#8243; el_class=&#8221;link-drop-title&#8221;][\/vc_custom_heading][vc_column_text rsclass=&#8221;clean&#8221;]<\/p>\n<table class=\"row-table\">\n<tbody>\n<tr>\n<td>Wizyta okulistyczna<\/td>\n<td>od 300z\u0142<\/td>\n<\/tr>\n<tr>\n<td>Za\u0107ma<\/td>\n<td>3000z\u0142<\/td>\n<\/tr>\n<tr>\n<td>Opadaj\u0105c<i>e <\/i>powieki<i><br \/>\n<\/i><\/td>\n<td>od 2500z\u0142<\/td>\n<\/tr>\n<tr>\n<td>\u017bylaki ko\u0144czyn dolnych<\/td>\n<td>od 3000z\u0142<\/td>\n<\/tr>\n<tr>\n<td>Iniekcja doszklistkowa &#8211; Program Lekowy AMD<\/td>\n<td>1000z\u0142<\/td>\n<\/tr>\n<tr>\n<td>Wizyta &#8211; chirurg naczyniowy<\/td>\n<td>250-550z\u0142<\/td>\n<\/tr>\n<tr>\n<td>Wizyta &#8211; ortopeda<\/td>\n<td>250z\u0142<\/td>\n<\/tr>\n<tr>\n<td>Wizyta\u00a0&#8211; diabetolog<\/td>\n<td>250z\u0142<\/td>\n<\/tr>\n<\/tbody>\n<\/table>\n<p>[\/vc_column_text][vc_column_text rsclass=&#8221;clean&#8221;]<\/p>\n<div class=\"text-right btn-wrap\"><a class=\"btn btn-sm btn-hover-fill\" href=\"https:\/\/e-okulistyka.pl\/cennik\/\">Pe\u0142ny cennik<\/a><\/div>\n<p>[\/vc_column_text][\/vc_column][\/vc_row]<\/p>\n","protected":false},"excerpt":{"rendered":"<p>[vc_row rsclass=&#8221;clean&#8221;][vc_column rsclass=&#8221;clean&#8221;][vc_custom_heading text=&#8221;Skr\u00f3cony cennik us\u0142ug komercyjnych&#8221; font_container=&#8221;tag:h5|text_align:left&#8221; use_theme_fonts=&#8221;yes&#8221; rs_decor_place=&#8221;2&#8243; rsicon=&#8221;icon-price-tag-1&#8243; el_class=&#8221;link-drop-title&#8221;][\/vc_custom_heading][vc_column_text rsclass=&#8221;clean&#8221;] Wizyta okulistyczna od 300z\u0142 Za\u0107ma 3000z\u0142 Opadaj\u0105ce powieki od 2500z\u0142 \u017bylaki ko\u0144czyn dolnych od 3000z\u0142 Iniekcja doszklistkowa &#8211; Program Lekowy AMD 1000z\u0142 Wizyta &#8211; chirurg naczyniowy 250-550z\u0142 Wizyta &#8211; ortopeda 250z\u0142 Wizyta\u00a0&#8211; diabetolog 250z\u0142 [\/vc_column_text][vc_column_text rsclass=&#8221;clean&#8221;] Pe\u0142ny cennik [\/vc_column_text][\/vc_column][\/vc_row]<\/p>\n","protected":false},"author":2,"featured_media":0,"parent":0,"menu_order":20,"comment_status":"closed","ping_status":"closed","template":"custompagett.php","meta":{"footnotes":""},"class_list":["post-1183","page","type-page","status-publish","hentry"],"_links":{"self":[{"href":"https:\/\/testtest.dfirma.pl\/index.php\/wp-json\/wp\/v2\/pages\/1183","targetHints":{"allow":["GET"]}}],"collection":[{"href":"https:\/\/testtest.dfirma.pl\/index.php\/wp-json\/wp\/v2\/pages"}],"about":[{"href":"https:\/\/testtest.dfirma.pl\/index.php\/wp-json\/wp\/v2\/types\/page"}],"author":[{"embeddable":true,"href":"https:\/\/testtest.dfirma.pl\/index.php\/wp-json\/wp\/v2\/users\/2"}],"replies":[{"embeddable":true,"href":"https:\/\/testtest.dfirma.pl\/index.php\/wp-json\/wp\/v2\/comments?post=1183"}],"version-history":[{"count":0,"href":"https:\/\/testtest.dfirma.pl\/index.php\/wp-json\/wp\/v2\/pages\/1183\/revisions"}],"wp:attachment":[{"href":"https:\/\/testtest.dfirma.pl\/index.php\/wp-json\/wp\/v2\/media?parent=1183"}],"curies":[{"name":"wp","href":"https:\/\/api.w.org\/{rel}","templated":true}]}}