{"id":1182,"date":"2019-01-04T13:45:42","date_gmt":"2019-01-04T13:45:42","guid":{"rendered":"http:\/\/websmirno.site\/wp\/clinic\/demo03\/04-quicklinks-doctors-timetable\/"},"modified":"2019-01-04T13:45:42","modified_gmt":"2019-01-04T13:45:42","slug":"04-quicklinks-personel-medyczny","status":"publish","type":"page","link":"https:\/\/testtest.dfirma.pl\/index.php\/04-quicklinks-personel-medyczny\/","title":{"rendered":"04 QuickLinks &#8211; Personel medyczny"},"content":{"rendered":"<p>[vc_row rsclass=&#8221;clean&#8221;][vc_column rsclass=&#8221;clean&#8221;][vc_custom_heading text=&#8221;Kadra medyczna&#8221; font_container=&#8221;tag:h5|text_align:left&#8221; use_theme_fonts=&#8221;yes&#8221; el_class=&#8221;link-drop-title&#8221; rsicon=&#8221;icon-calendar&#8221;][vc_column_text rsclass=&#8221;clean&#8221;]<\/p>\n<p class=\"tt\">Pe\u0142na lista personelu medycznego dost\u0119pna jest pod linkiem u do\u0142u.<\/p>\n<p>[\/vc_column_text][vc_column_text rsclass=&#8221;clean&#8221;]<\/p>\n<div class=\"text-right btn-wrap\"><a class=\"btn btn-sm btn-hover-fill\" href=\"https:\/\/e-okulistyka.pl\/personel-medyczny\/\">Wi\u0119cej&#8230;<\/a><\/div>\n<p>[\/vc_column_text][\/vc_column][\/vc_row]<\/p>\n","protected":false},"excerpt":{"rendered":"<p>[vc_row rsclass=&#8221;clean&#8221;][vc_column rsclass=&#8221;clean&#8221;][vc_custom_heading text=&#8221;Kadra medyczna&#8221; font_container=&#8221;tag:h5|text_align:left&#8221; use_theme_fonts=&#8221;yes&#8221; el_class=&#8221;link-drop-title&#8221; rsicon=&#8221;icon-calendar&#8221;][vc_column_text rsclass=&#8221;clean&#8221;] Pe\u0142na lista personelu medycznego dost\u0119pna jest pod linkiem u do\u0142u. [\/vc_column_text][vc_column_text rsclass=&#8221;clean&#8221;] Wi\u0119cej&#8230; [\/vc_column_text][\/vc_column][\/vc_row]<\/p>\n","protected":false},"author":2,"featured_media":0,"parent":0,"menu_order":19,"comment_status":"closed","ping_status":"closed","template":"custompagett.php","meta":{"footnotes":""},"class_list":["post-1182","page","type-page","status-publish","hentry"],"_links":{"self":[{"href":"https:\/\/testtest.dfirma.pl\/index.php\/wp-json\/wp\/v2\/pages\/1182","targetHints":{"allow":["GET"]}}],"collection":[{"href":"https:\/\/testtest.dfirma.pl\/index.php\/wp-json\/wp\/v2\/pages"}],"about":[{"href":"https:\/\/testtest.dfirma.pl\/index.php\/wp-json\/wp\/v2\/types\/page"}],"author":[{"embeddable":true,"href":"https:\/\/testtest.dfirma.pl\/index.php\/wp-json\/wp\/v2\/users\/2"}],"replies":[{"embeddable":true,"href":"https:\/\/testtest.dfirma.pl\/index.php\/wp-json\/wp\/v2\/comments?post=1182"}],"version-history":[{"count":0,"href":"https:\/\/testtest.dfirma.pl\/index.php\/wp-json\/wp\/v2\/pages\/1182\/revisions"}],"wp:attachment":[{"href":"https:\/\/testtest.dfirma.pl\/index.php\/wp-json\/wp\/v2\/media?parent=1182"}],"curies":[{"name":"wp","href":"https:\/\/api.w.org\/{rel}","templated":true}]}}